{"id":2718,"date":"2026-01-20T15:07:58","date_gmt":"2026-01-20T14:07:58","guid":{"rendered":"https:\/\/muns.edu.pl\/?post_type=product&#038;p=2718"},"modified":"2026-02-11T09:50:40","modified_gmt":"2026-02-11T08:50:40","slug":"bilet-na-forum-samorzadow-przyszlosci-konferencja-lomza-11-12-02-2026-2-dni","status":"publish","type":"product","link":"https:\/\/muns.edu.pl\/en\/product\/bilet-na-forum-samorzadow-przyszlosci-konferencja-lomza-11-12-02-2026-2-dni\/","title":{"rendered":"Bilet na Forum &#8211; 2 dni"},"content":{"rendered":"<h3 data-start=\"420\" data-end=\"674\">Bilet uprawnia do udzia\u0142u w <strong data-start=\"448\" data-end=\"493\">Forum of Local Governments of the Future \u2013 \u0141om\u017ca 2026<\/strong>, organizowanym w formule <strong data-start=\"519\" data-end=\"559\">dwudniowego wydarzenia stacjonarnego w dniach 11-12.02.2026 w Mi\u0119dzynarodowej Uczelni Nauk Spo\u0142ecznych, Medycznych i Prawnych<\/strong><\/h3>\n<p data-start=\"676\" data-end=\"719\">Standardowa cena biletu: <strong data-start=\"689\" data-end=\"718\">299,00 PLN brutto \/ osoba<\/strong>.<\/p>\n<p data-start=\"676\" data-end=\"719\">Specjalna cena dla Jednostek Samorz\u0105du Terytorialnego stowarzyszonych w Zwi\u0105zku Samorz\u0105d\u00f3w Polskich:\u00a0<strong>0 PLN<\/strong><\/p>\n<p><strong>WA\u017bNE &#8211; przeczytaj jak poprawnie zam\u00f3wi\u0107 bilet:<\/strong><\/p>\n<ol>\n<li>Wybierz czy zg\u0142aszana Jednostek Samorz\u0105du Terytorialnego jest stowarzyszona w Zwi\u0105zku Samorz\u0105d\u00f3w Polskich.<\/li>\n<li>Wpisz Imi\u0119, Nazwisko oraz Stanowisko<\/li>\n<li>Wpisz Nazw\u0119 Jednostki Samorz\u0105du Terytorialnego<\/li>\n<li>Dodaj 1 sztuk\u0119 biletu do koszyka<\/li>\n<li>Je\u015bli jest wi\u0119cej uczestnik\u00f3w, powt\u00f3rz proces.<\/li>\n<\/ol>\n<p>W razie pyta\u0144 prosimy o kontakt +48 604 506 903 pon-pt (w godz. 9-16)<\/p>\n<p data-start=\"721\" data-end=\"743\">Uczestnictwo obejmuje:<\/p>\n<ul data-start=\"744\" data-end=\"915\">\n<li data-start=\"744\" data-end=\"796\">\n<p data-start=\"746\" data-end=\"796\">udzia\u0142 we wszystkich sesjach merytorycznych Forum,<\/p>\n<\/li>\n<li data-start=\"797\" data-end=\"843\">\n<p data-start=\"799\" data-end=\"843\">panele dyskusyjne i wyst\u0105pienia prelegent\u00f3w,<\/p>\n<\/li>\n<li data-start=\"844\" data-end=\"877\">\n<p data-start=\"846\" data-end=\"877\">networking w ramach wydarzenia,<\/p>\n<\/li>\n<li data-start=\"878\" data-end=\"915\">\n<p data-start=\"880\" data-end=\"915\">dost\u0119p do stref tematycznych Forum.<\/p>\n<\/li>\n<\/ul>\n<hr data-start=\"917\" data-end=\"920\" \/>\n<h3 data-start=\"922\" data-end=\"961\">\ud83e\uddd1\u200d\ud83d\udcbc Dane uczestnika (obowi\u0105zkowe)<\/h3>\n<p data-start=\"963\" data-end=\"1049\">Bilet ma charakter <strong data-start=\"982\" data-end=\"993\">imienny<\/strong>. Podczas sk\u0142adania zam\u00f3wienia nale\u017cy obowi\u0105zkowo poda\u0107:<\/p>\n<ul data-start=\"1050\" data-end=\"1175\">\n<li data-start=\"1050\" data-end=\"1085\">\n<p data-start=\"1052\" data-end=\"1085\"><strong data-start=\"1052\" data-end=\"1082\">imi\u0119 i nazwisko uczestnika<\/strong>,<\/p>\n<\/li>\n<li data-start=\"1086\" data-end=\"1115\">\n<p data-start=\"1088\" data-end=\"1115\"><strong data-start=\"1088\" data-end=\"1112\">stanowisko \/ funkcj\u0119<\/strong>,<\/p>\n<\/li>\n<li data-start=\"1116\" data-end=\"1175\">\n<p data-start=\"1118\" data-end=\"1175\"><strong data-start=\"1118\" data-end=\"1144\">jednostk\u0119 \/ instytucj\u0119<\/strong>, kt\u00f3r\u0105 reprezentuje uczestnik.<\/p>\n<\/li>\n<\/ul>\n<p data-start=\"1177\" data-end=\"1222\">Dane te s\u0105 wykorzystywane w szczeg\u00f3lno\u015bci do:<\/p>\n<ul data-start=\"1223\" data-end=\"1299\">\n<li data-start=\"1223\" data-end=\"1255\">\n<p data-start=\"1225\" data-end=\"1255\">przygotowania identyfikator\u00f3w,<\/p>\n<\/li>\n<li data-start=\"1256\" data-end=\"1273\">\n<p data-start=\"1258\" data-end=\"1273\">list obecno\u015bci,<\/p>\n<\/li>\n<li data-start=\"1274\" data-end=\"1299\">\n<p data-start=\"1276\" data-end=\"1299\">organizacji wydarzenia.<\/p>\n<\/li>\n<\/ul>\n<hr data-start=\"1301\" data-end=\"1304\" \/>\n<h3 data-start=\"1306\" data-end=\"1342\">\u2139\ufe0f Wa\u017cna informacja \u2013 status JST<\/h3>\n<p data-start=\"1344\" data-end=\"1417\">Produkt przeznaczony jest la wszystkich JST.<\/p>\n<p data-start=\"1419\" data-end=\"1620\">\ud83d\udc49 <strong data-start=\"1422\" data-end=\"1503\">Je\u017celi Twoja jednostka jest stowarzyszona w Zwi\u0105zku Samorz\u0105d\u00f3w Polskich (ZSP)<\/strong>, prosimy o wybranie odpowiedniej opcji przed dodaniem produktu do koszyka, gdy\u017c wtedy nalicza si\u0119 rabat.<\/p>\n<p data-start=\"1622\" data-end=\"1712\">Organizator zastrzega sobie prawo do weryfikacji statusu JST na podstawie podanych danych.<\/p>\n<hr data-start=\"1714\" data-end=\"1717\" \/>\n<h3 data-start=\"1719\" data-end=\"1746\">\u2139\ufe0f Informacje dodatkowe<\/h3>\n<ul data-start=\"1748\" data-end=\"1936\">\n<li data-start=\"1748\" data-end=\"1799\">\n<p data-start=\"1750\" data-end=\"1799\">Jeden bilet uprawnia do udzia\u0142u <strong data-start=\"1782\" data-end=\"1798\">jednej osoby<\/strong>.<\/p>\n<\/li>\n<li data-start=\"1800\" data-end=\"1889\">\n<p data-start=\"1802\" data-end=\"1889\">Bilet <strong data-start=\"1808\" data-end=\"1845\">nie obejmuje bankietu ani noclegu<\/strong> \u2013 produkty te dost\u0119pne s\u0105 do zakupu osobno.<\/p>\n<\/li>\n<li data-start=\"1890\" data-end=\"1936\">\n<p data-start=\"1892\" data-end=\"1936\">Liczba miejsc na Forum mo\u017ce by\u0107 ograniczona.<\/p>\n<\/li>\n<\/ul>\n<p data-start=\"3078\" data-end=\"3105\"><strong>P\u0142atno\u015b\u0107:<\/strong><\/p>\n<p data-start=\"3078\" data-end=\"3105\">P\u0142atno\u015b\u0107 za zam\u00f3wienie realizowana jest <strong data-start=\"416\" data-end=\"457\">wy\u0142\u0105cznie w formie przelewu bankowego<\/strong><\/p>\n<p data-start=\"3078\" data-end=\"3105\">Z\u0142o\u017cenie zam\u00f3wienia w sklepie jest r\u00f3wnoznaczne z obowi\u0105zkiem dokonania p\u0142atno\u015bci, a <strong data-start=\"545\" data-end=\"647\">wp\u0142yw \u015brodk\u00f3w na rachunek bankowy Organizatora stanowi potwierdzenie rejestracji i zakupu produktu<\/strong>.<\/p>\n<p data-start=\"3078\" data-end=\"3105\">Dane do p\u0142atno\u015bci:<\/p>\n<p>RPX EDU-MANAGEMENT sp\u00f3\u0142ka z o.o.<\/p>\n<p>Santander Bank Polska SA : 09 1090 1069 0000 0001 6533 0727<\/p>\n<p>Tytu\u0142 przelewu: nr zam\u00f3wienia + nazwa podmiotu<\/p>\n<p><strong>Faktury VAT<\/strong> wystawiane i przesy\u0142ane s\u0105 <strong data-start=\"1100\" data-end=\"1130\">po zaksi\u0119gowaniu p\u0142atno\u015bci<\/strong> na rachunku bankowym Organizatora, na dane podane w zam\u00f3wieniu.<\/p>\n<p><strong>Brak wp\u0142aty w terminie mo\u017ce skutkowa\u0107 anulowaniem zam\u00f3wienia.<\/strong><\/p>","protected":false},"excerpt":{"rendered":"<p>Bilet do udzia\u0142u w <strong data-start=\"611\" data-end=\"656\">Forum of Local Governments of the Future \u2013 \u0141om\u017ca 2026<\/strong>, odbywaj\u0105cym si\u0119 w formule <strong data-start=\"684\" data-end=\"724\">dwudniowego wydarzenia stacjonarnego<\/strong>.<\/p>\n<p><strong>WA\u017bNE &#8211; przeczytaj jak poprawnie zam\u00f3wi\u0107 bilet:<\/strong><\/p>\n<ol>\n<li>Wybierz czy zg\u0142aszana Jednostek Samorz\u0105du Terytorialnego jest stowarzyszona w Zwi\u0105zku Samorz\u0105d\u00f3w Polskich.<\/li>\n<li>Wpisz Imi\u0119, Nazwisko oraz Stanowisko<\/li>\n<li>Wpisz Nazw\u0119 Jednostki Samorz\u0105du Terytorialnego<\/li>\n<li>Dodaj 1 sztuk\u0119 biletu do koszyka<\/li>\n<li>Je\u015bli jest wi\u0119cej uczestnik\u00f3w, powt\u00f3rz proces.<\/li>\n<\/ol>\n<p>W razie pyta\u0144 prosimy o kontakt +48 604 506 903 (pon-pt. w godz. 9-16)<\/p>","protected":false},"featured_media":2726,"template":"","meta":{"_acf_changed":false,"_eb_attr":""},"product_brand":[],"product_cat":[39],"product_tag":[],"class_list":{"0":"post-2718","1":"product","2":"type-product","3":"status-publish","4":"has-post-thumbnail","6":"product_cat-forum-samorzadow-przyszlosci-2026","8":"first","9":"instock","10":"virtual","11":"purchasable","12":"product-type-simple"},"acf":[],"yoast_head":"<!-- This site is optimized with the Yoast SEO plugin v26.4 - https:\/\/yoast.com\/wordpress\/plugins\/seo\/ -->\n<title>Bilet na Forum - 2 dni - Mi\u0119dzynarodowa Uczelnia Nauk Spo\u0142ecznych, Medycznych i Prawnych<\/title>\n<meta name=\"robots\" content=\"index, follow, max-snippet:-1, max-image-preview:large, max-video-preview:-1\" \/>\n<link rel=\"canonical\" href=\"http:\/\/muns.edu.pl\/en\/product\/bilet-na-forum-samorzadow-przyszlosci-konferencja-lomza-11-12-02-2026-2-dni\/\" \/>\n<meta property=\"og:locale\" content=\"en_GB\" \/>\n<meta property=\"og:type\" content=\"article\" \/>\n<meta property=\"og:title\" content=\"Bilet na Forum - 2 dni - Mi\u0119dzynarodowa Uczelnia Nauk Spo\u0142ecznych, Medycznych i Prawnych\" \/>\n<meta property=\"og:description\" content=\"Bilet do udzia\u0142u w Forum Samorz\u0105d\u00f3w Przysz\u0142o\u015bci \u2013 \u0141om\u017ca 2026, odbywaj\u0105cym si\u0119 w formule dwudniowego wydarzenia stacjonarnego.  WA\u017bNE - przeczytaj jak poprawnie zam\u00f3wi\u0107 bilet:   Wybierz czy zg\u0142aszana Jednostek Samorz\u0105du Terytorialnego jest stowarzyszona w Zwi\u0105zku Samorz\u0105d\u00f3w Polskich.  Wpisz Imi\u0119, Nazwisko oraz Stanowisko  Wpisz Nazw\u0119 Jednostki Samorz\u0105du Terytorialnego  Dodaj 1 sztuk\u0119 biletu do koszyka  Je\u015bli jest wi\u0119cej uczestnik\u00f3w, powt\u00f3rz proces.  W razie pyta\u0144 prosimy o kontakt +48 604 506 903 (pon-pt. w godz. 9-16)\" \/>\n<meta property=\"og:url\" content=\"http:\/\/muns.edu.pl\/en\/product\/bilet-na-forum-samorzadow-przyszlosci-konferencja-lomza-11-12-02-2026-2-dni\/\" \/>\n<meta property=\"og:site_name\" content=\"Mi\u0119dzynarodowa Uczelnia Nauk Spo\u0142ecznych, Medycznych i Prawnych\" \/>\n<meta property=\"article:modified_time\" content=\"2026-02-11T08:50:40+00:00\" \/>\n<meta property=\"og:image\" content=\"http:\/\/muns.edu.pl\/wp-content\/uploads\/2026\/01\/FSP2026-MUNS-bilet.png\" \/>\n\t<meta property=\"og:image:width\" content=\"1080\" \/>\n\t<meta property=\"og:image:height\" content=\"1080\" \/>\n\t<meta property=\"og:image:type\" content=\"image\/png\" \/>\n<meta name=\"twitter:card\" content=\"summary_large_image\" \/>\n<meta name=\"twitter:label1\" content=\"Estimated reading time\" \/>\n\t<meta name=\"twitter:data1\" content=\"3 minutes\" \/>\n<script type=\"application\/ld+json\" class=\"yoast-schema-graph\">{\"@context\":\"https:\/\/schema.org\",\"@graph\":[{\"@type\":\"WebPage\",\"@id\":\"http:\/\/muns.edu.pl\/produkt\/bilet-na-forum-samorzadow-przyszlosci-konferencja-lomza-11-12-02-2026-2-dni\/\",\"url\":\"http:\/\/muns.edu.pl\/produkt\/bilet-na-forum-samorzadow-przyszlosci-konferencja-lomza-11-12-02-2026-2-dni\/\",\"name\":\"Bilet na Forum - 2 dni - Mi\u0119dzynarodowa Uczelnia Nauk Spo\u0142ecznych, Medycznych i Prawnych\",\"isPartOf\":{\"@id\":\"http:\/\/muns.edu.pl\/#website\"},\"primaryImageOfPage\":{\"@id\":\"http:\/\/muns.edu.pl\/produkt\/bilet-na-forum-samorzadow-przyszlosci-konferencja-lomza-11-12-02-2026-2-dni\/#primaryimage\"},\"image\":{\"@id\":\"http:\/\/muns.edu.pl\/produkt\/bilet-na-forum-samorzadow-przyszlosci-konferencja-lomza-11-12-02-2026-2-dni\/#primaryimage\"},\"thumbnailUrl\":\"https:\/\/muns.edu.pl\/wp-content\/uploads\/2026\/01\/FSP2026-MUNS-bilet.png\",\"datePublished\":\"2026-01-20T14:07:58+00:00\",\"dateModified\":\"2026-02-11T08:50:40+00:00\",\"breadcrumb\":{\"@id\":\"http:\/\/muns.edu.pl\/produkt\/bilet-na-forum-samorzadow-przyszlosci-konferencja-lomza-11-12-02-2026-2-dni\/#breadcrumb\"},\"inLanguage\":\"en-GB\",\"potentialAction\":[{\"@type\":\"ReadAction\",\"target\":[\"http:\/\/muns.edu.pl\/produkt\/bilet-na-forum-samorzadow-przyszlosci-konferencja-lomza-11-12-02-2026-2-dni\/\"]}]},{\"@type\":\"ImageObject\",\"inLanguage\":\"en-GB\",\"@id\":\"http:\/\/muns.edu.pl\/produkt\/bilet-na-forum-samorzadow-przyszlosci-konferencja-lomza-11-12-02-2026-2-dni\/#primaryimage\",\"url\":\"https:\/\/muns.edu.pl\/wp-content\/uploads\/2026\/01\/FSP2026-MUNS-bilet.png\",\"contentUrl\":\"https:\/\/muns.edu.pl\/wp-content\/uploads\/2026\/01\/FSP2026-MUNS-bilet.png\",\"width\":1080,\"height\":1080},{\"@type\":\"BreadcrumbList\",\"@id\":\"http:\/\/muns.edu.pl\/produkt\/bilet-na-forum-samorzadow-przyszlosci-konferencja-lomza-11-12-02-2026-2-dni\/#breadcrumb\",\"itemListElement\":[{\"@type\":\"ListItem\",\"position\":1,\"name\":\"Strona g\u0142\u00f3wna\",\"item\":\"http:\/\/muns.edu.pl\/\"},{\"@type\":\"ListItem\",\"position\":2,\"name\":\"Sklep\",\"item\":\"http:\/\/muns.edu.pl\/sklep\/\"},{\"@type\":\"ListItem\",\"position\":3,\"name\":\"Bilet na Forum &#8211; 2 dni\"}]},{\"@type\":\"WebSite\",\"@id\":\"http:\/\/muns.edu.pl\/#website\",\"url\":\"http:\/\/muns.edu.pl\/\",\"name\":\"Mi\u0119dzynarodowa Uczelnia Nauk Spo\u0142ecznych, Medycznych i Prawnych\",\"description\":\"Mi\u0119dzynarodowa Uczelnia Nauk Spo\u0142ecznych, Medycznych i Prawnych\",\"publisher\":{\"@id\":\"http:\/\/muns.edu.pl\/#organization\"},\"potentialAction\":[{\"@type\":\"SearchAction\",\"target\":{\"@type\":\"EntryPoint\",\"urlTemplate\":\"http:\/\/muns.edu.pl\/?s={search_term_string}\"},\"query-input\":{\"@type\":\"PropertyValueSpecification\",\"valueRequired\":true,\"valueName\":\"search_term_string\"}}],\"inLanguage\":\"en-GB\"},{\"@type\":\"Organization\",\"@id\":\"http:\/\/muns.edu.pl\/#organization\",\"name\":\"Mi\u0119dzynarodowa Uczelnia Nauk Spo\u0142ecznych, Medycznych i Prawnych\",\"url\":\"http:\/\/muns.edu.pl\/\",\"logo\":{\"@type\":\"ImageObject\",\"inLanguage\":\"en-GB\",\"@id\":\"http:\/\/muns.edu.pl\/#\/schema\/logo\/image\/\",\"url\":\"https:\/\/muns.edu.pl\/wp-content\/uploads\/2025\/09\/MUNS_logo_concept-512-x-512-px-2.png\",\"contentUrl\":\"https:\/\/muns.edu.pl\/wp-content\/uploads\/2025\/09\/MUNS_logo_concept-512-x-512-px-2.png\",\"width\":512,\"height\":512,\"caption\":\"Mi\u0119dzynarodowa Uczelnia Nauk Spo\u0142ecznych, Medycznych i Prawnych\"},\"image\":{\"@id\":\"http:\/\/muns.edu.pl\/#\/schema\/logo\/image\/\"}}]}<\/script>\n<!-- \/ Yoast SEO plugin. -->","yoast_head_json":{"title":"Bilet na Forum - 2 dni - Mi\u0119dzynarodowa Uczelnia Nauk Spo\u0142ecznych, Medycznych i Prawnych","robots":{"index":"index","follow":"follow","max-snippet":"max-snippet:-1","max-image-preview":"max-image-preview:large","max-video-preview":"max-video-preview:-1"},"canonical":"http:\/\/muns.edu.pl\/en\/product\/bilet-na-forum-samorzadow-przyszlosci-konferencja-lomza-11-12-02-2026-2-dni\/","og_locale":"en_GB","og_type":"article","og_title":"Bilet na Forum - 2 dni - Mi\u0119dzynarodowa Uczelnia Nauk Spo\u0142ecznych, Medycznych i Prawnych","og_description":"Bilet do udzia\u0142u w Forum Samorz\u0105d\u00f3w Przysz\u0142o\u015bci \u2013 \u0141om\u017ca 2026, odbywaj\u0105cym si\u0119 w formule dwudniowego wydarzenia stacjonarnego.  WA\u017bNE - przeczytaj jak poprawnie zam\u00f3wi\u0107 bilet:   Wybierz czy zg\u0142aszana Jednostek Samorz\u0105du Terytorialnego jest stowarzyszona w Zwi\u0105zku Samorz\u0105d\u00f3w Polskich.  Wpisz Imi\u0119, Nazwisko oraz Stanowisko  Wpisz Nazw\u0119 Jednostki Samorz\u0105du Terytorialnego  Dodaj 1 sztuk\u0119 biletu do koszyka  Je\u015bli jest wi\u0119cej uczestnik\u00f3w, powt\u00f3rz proces.  W razie pyta\u0144 prosimy o kontakt +48 604 506 903 (pon-pt. w godz. 9-16)","og_url":"http:\/\/muns.edu.pl\/en\/product\/bilet-na-forum-samorzadow-przyszlosci-konferencja-lomza-11-12-02-2026-2-dni\/","og_site_name":"Mi\u0119dzynarodowa Uczelnia Nauk Spo\u0142ecznych, Medycznych i Prawnych","article_modified_time":"2026-02-11T08:50:40+00:00","og_image":[{"width":1080,"height":1080,"url":"http:\/\/muns.edu.pl\/wp-content\/uploads\/2026\/01\/FSP2026-MUNS-bilet.png","type":"image\/png"}],"twitter_card":"summary_large_image","twitter_misc":{"Estimated reading time":"3 minutes"},"schema":{"@context":"https:\/\/schema.org","@graph":[{"@type":"WebPage","@id":"http:\/\/muns.edu.pl\/produkt\/bilet-na-forum-samorzadow-przyszlosci-konferencja-lomza-11-12-02-2026-2-dni\/","url":"http:\/\/muns.edu.pl\/produkt\/bilet-na-forum-samorzadow-przyszlosci-konferencja-lomza-11-12-02-2026-2-dni\/","name":"Bilet na Forum - 2 dni - Mi\u0119dzynarodowa Uczelnia Nauk Spo\u0142ecznych, Medycznych i Prawnych","isPartOf":{"@id":"http:\/\/muns.edu.pl\/#website"},"primaryImageOfPage":{"@id":"http:\/\/muns.edu.pl\/produkt\/bilet-na-forum-samorzadow-przyszlosci-konferencja-lomza-11-12-02-2026-2-dni\/#primaryimage"},"image":{"@id":"http:\/\/muns.edu.pl\/produkt\/bilet-na-forum-samorzadow-przyszlosci-konferencja-lomza-11-12-02-2026-2-dni\/#primaryimage"},"thumbnailUrl":"https:\/\/muns.edu.pl\/wp-content\/uploads\/2026\/01\/FSP2026-MUNS-bilet.png","datePublished":"2026-01-20T14:07:58+00:00","dateModified":"2026-02-11T08:50:40+00:00","breadcrumb":{"@id":"http:\/\/muns.edu.pl\/produkt\/bilet-na-forum-samorzadow-przyszlosci-konferencja-lomza-11-12-02-2026-2-dni\/#breadcrumb"},"inLanguage":"en-GB","potentialAction":[{"@type":"ReadAction","target":["http:\/\/muns.edu.pl\/produkt\/bilet-na-forum-samorzadow-przyszlosci-konferencja-lomza-11-12-02-2026-2-dni\/"]}]},{"@type":"ImageObject","inLanguage":"en-GB","@id":"http:\/\/muns.edu.pl\/produkt\/bilet-na-forum-samorzadow-przyszlosci-konferencja-lomza-11-12-02-2026-2-dni\/#primaryimage","url":"https:\/\/muns.edu.pl\/wp-content\/uploads\/2026\/01\/FSP2026-MUNS-bilet.png","contentUrl":"https:\/\/muns.edu.pl\/wp-content\/uploads\/2026\/01\/FSP2026-MUNS-bilet.png","width":1080,"height":1080},{"@type":"BreadcrumbList","@id":"http:\/\/muns.edu.pl\/produkt\/bilet-na-forum-samorzadow-przyszlosci-konferencja-lomza-11-12-02-2026-2-dni\/#breadcrumb","itemListElement":[{"@type":"ListItem","position":1,"name":"Strona g\u0142\u00f3wna","item":"http:\/\/muns.edu.pl\/"},{"@type":"ListItem","position":2,"name":"Sklep","item":"http:\/\/muns.edu.pl\/sklep\/"},{"@type":"ListItem","position":3,"name":"Bilet na Forum &#8211; 2 dni"}]},{"@type":"WebSite","@id":"http:\/\/muns.edu.pl\/#website","url":"http:\/\/muns.edu.pl\/","name":"International University of Social Sciences, Medicine and Law","description":"International University of Social Sciences, Medicine and Law","publisher":{"@id":"http:\/\/muns.edu.pl\/#organization"},"potentialAction":[{"@type":"SearchAction","target":{"@type":"EntryPoint","urlTemplate":"http:\/\/muns.edu.pl\/?s={search_term_string}"},"query-input":{"@type":"PropertyValueSpecification","valueRequired":true,"valueName":"search_term_string"}}],"inLanguage":"en-GB"},{"@type":"Organization","@id":"http:\/\/muns.edu.pl\/#organization","name":"International University of Social Sciences, Medicine and Law","url":"http:\/\/muns.edu.pl\/","logo":{"@type":"ImageObject","inLanguage":"en-GB","@id":"http:\/\/muns.edu.pl\/#\/schema\/logo\/image\/","url":"https:\/\/muns.edu.pl\/wp-content\/uploads\/2025\/09\/MUNS_logo_concept-512-x-512-px-2.png","contentUrl":"https:\/\/muns.edu.pl\/wp-content\/uploads\/2025\/09\/MUNS_logo_concept-512-x-512-px-2.png","width":512,"height":512,"caption":"Mi\u0119dzynarodowa Uczelnia Nauk Spo\u0142ecznych, Medycznych i Prawnych"},"image":{"@id":"http:\/\/muns.edu.pl\/#\/schema\/logo\/image\/"}}]}},"jetpack_sharing_enabled":true,"_links":{"self":[{"href":"https:\/\/muns.edu.pl\/en\/wp-json\/wp\/v2\/product\/2718","targetHints":{"allow":["GET"]}}],"collection":[{"href":"https:\/\/muns.edu.pl\/en\/wp-json\/wp\/v2\/product"}],"about":[{"href":"https:\/\/muns.edu.pl\/en\/wp-json\/wp\/v2\/types\/product"}],"wp:featuredmedia":[{"embeddable":true,"href":"https:\/\/muns.edu.pl\/en\/wp-json\/wp\/v2\/media\/2726"}],"wp:attachment":[{"href":"https:\/\/muns.edu.pl\/en\/wp-json\/wp\/v2\/media?parent=2718"}],"wp:term":[{"taxonomy":"product_brand","embeddable":true,"href":"https:\/\/muns.edu.pl\/en\/wp-json\/wp\/v2\/product_brand?post=2718"},{"taxonomy":"product_cat","embeddable":true,"href":"https:\/\/muns.edu.pl\/en\/wp-json\/wp\/v2\/product_cat?post=2718"},{"taxonomy":"product_tag","embeddable":true,"href":"https:\/\/muns.edu.pl\/en\/wp-json\/wp\/v2\/product_tag?post=2718"}],"curies":[{"name":"wp","href":"https:\/\/api.w.org\/{rel}","templated":true}]}}