{"id":2732,"date":"2026-01-20T20:57:40","date_gmt":"2026-01-20T19:57:40","guid":{"rendered":"https:\/\/muns.edu.pl\/?post_type=product&#038;p=2732"},"modified":"2026-01-26T10:43:18","modified_gmt":"2026-01-26T09:43:18","slug":"nocleg-w-hotelu-pokoj-2-osobowy-11-12-02-2026-forum-samorzadow-przyszlosci-konferencja-lomza-2026","status":"publish","type":"product","link":"http:\/\/muns.edu.pl\/en\/product\/nocleg-w-hotelu-pokoj-2-osobowy-11-12-02-2026-forum-samorzadow-przyszlosci-konferencja-lomza-2026\/","title":{"rendered":"Nocleg w Hotelu Gromada | Pok\u00f3j 2-osobowy"},"content":{"rendered":"<h3 class=\"p1\">Nocleg w Hotelu | Pok\u00f3j 2-osobowy | 11-12.02.2026<\/h3>\n<p data-start=\"2493\" data-end=\"2599\">Produkt obejmuje <strong data-start=\"2510\" data-end=\"2548\">zakwaterowanie w pokoju 2-osobowym<\/strong> na czas trwania Forum Samorz\u0105d\u00f3w Przysz\u0142o\u015bci 2026.<\/p>\n<p data-start=\"676\" data-end=\"719\">Cena: <strong data-start=\"689\" data-end=\"718\">340,00 PLN brutto \/ pok\u00f3j<\/strong>.<\/p>\n<p><strong>WA\u017bNE &#8211; przeczytaj jak poprawnie zam\u00f3wi\u0107 nocleg:<\/strong><\/p>\n<ol>\n<li>Zaznacz liczb\u0119 os\u00f3b kt\u00f3re maj\u0105 by\u0107 w pokoju (1 lub 2),<\/li>\n<li>Wpisz Imi\u0119, Nazwisko, Stanowisko oraz nazw\u0119 JST &#8211; Go\u015b\u0107 1 (wymagane)<\/li>\n<li>Wpisz Imi\u0119, Nazwisko, Stanowisko oraz nazw\u0119 JST &#8211; Go\u015b\u0107 2 (opcjonalne)<\/li>\n<li>Dodaj 1 sztuk\u0119 produktu Nocleg do koszyka<\/li>\n<li>Je\u015bli jest wi\u0119cej uczestnik\u00f3w, powt\u00f3rz proces.<\/li>\n<\/ol>\n<h3 data-start=\"2601\" data-end=\"2624\">\ud83d\udecf\ufe0f Warunki noclegu<\/h3>\n<ul data-start=\"2625\" data-end=\"2824\">\n<li data-start=\"2625\" data-end=\"2649\">\n<p data-start=\"2627\" data-end=\"2649\">pok\u00f3j <strong data-start=\"2633\" data-end=\"2646\">2-osobowy<\/strong>,<\/p>\n<\/li>\n<li data-start=\"2650\" data-end=\"2696\">\n<p data-start=\"2652\" data-end=\"2696\">mo\u017cliwo\u015b\u0107 zakwaterowania <strong data-start=\"2677\" data-end=\"2693\">1 lub 2 os\u00f3b<\/strong>,<\/p>\n<\/li>\n<li data-start=\"2697\" data-end=\"2756\">\n<p data-start=\"2699\" data-end=\"2756\"><strong data-start=\"2699\" data-end=\"2739\">jedna cena niezale\u017cna od liczby os\u00f3b<\/strong> (1 lub 2 osoby),<\/p>\n<\/li>\n<li data-start=\"2757\" data-end=\"2824\">\n<p data-start=\"2759\" data-end=\"2824\">standard i szczeg\u00f3\u0142y noclegu zgodne z ofert\u0105 organizatora.<\/p>\n<\/li>\n<\/ul>\n<h3 data-start=\"2826\" data-end=\"2860\">\ud83e\uddd1\u200d\ud83d\udcbc Dane go\u015bci (obowi\u0105zkowe)<\/h3>\n<p data-start=\"2861\" data-end=\"2889\">Podczas zakupu nale\u017cy poda\u0107:<\/p>\n<ul data-start=\"2890\" data-end=\"3002\">\n<li data-start=\"2890\" data-end=\"2947\">\n<p data-start=\"2892\" data-end=\"2947\"><strong data-start=\"2892\" data-end=\"2937\">imi\u0119 i nazwisko osoby nocuj\u0105cej (1 osoba)<\/strong><br data-start=\"2937\" data-end=\"2940\" \/>lub<\/p>\n<\/li>\n<li data-start=\"2948\" data-end=\"3002\">\n<p data-start=\"2950\" data-end=\"3002\"><strong data-start=\"2950\" data-end=\"3001\">imiona i nazwiska obu os\u00f3b nocuj\u0105cych (2 osoby)<\/strong>.<\/p>\n<\/li>\n<\/ul>\n<p data-start=\"3004\" data-end=\"3076\">Dane te s\u0105 przekazywane do obiektu noclegowego w celu rezerwacji pokoju.<\/p>\n<h3 data-start=\"3078\" data-end=\"3105\">\u2139\ufe0f Informacje dodatkowe<\/h3>\n<ul data-start=\"3106\" data-end=\"3293\">\n<li data-start=\"3106\" data-end=\"3184\">\n<p data-start=\"3108\" data-end=\"3184\">Produkt nie obejmuje dodatkowych us\u0142ug hotelowych, chyba \u017ce zaoferowano inaczej.<\/p>\n<\/li>\n<li data-start=\"3185\" data-end=\"3228\">\n<p data-start=\"3187\" data-end=\"3228\">Liczba dost\u0119pnych pokoi jest ograniczona.<\/p>\n<\/li>\n<li data-start=\"3229\" data-end=\"3293\">\n<p data-start=\"3231\" data-end=\"3293\">Zakwaterowanie stanowi us\u0142ug\u0119 \u015bwiadczon\u0105 przez podmiot trzeci.<\/p>\n<\/li>\n<\/ul>\n<p data-start=\"3078\" data-end=\"3105\"><strong>P\u0142atno\u015b\u0107:<\/strong><\/p>\n<p data-start=\"3078\" data-end=\"3105\">P\u0142atno\u015b\u0107 za zam\u00f3wienie realizowana jest <strong data-start=\"416\" data-end=\"457\">wy\u0142\u0105cznie w formie przelewu bankowego<\/strong><\/p>\n<p data-start=\"3078\" data-end=\"3105\">Z\u0142o\u017cenie zam\u00f3wienia w sklepie jest r\u00f3wnoznaczne z obowi\u0105zkiem dokonania p\u0142atno\u015bci, a <strong data-start=\"545\" data-end=\"647\">wp\u0142yw \u015brodk\u00f3w na rachunek bankowy Organizatora stanowi potwierdzenie rejestracji i zakupu produktu<\/strong>.<\/p>\n<p data-start=\"3078\" data-end=\"3105\">Dane do p\u0142atno\u015bci:<\/p>\n<p>RPX EDU-MANAGEMENT sp\u00f3\u0142ka z o.o.<\/p>\n<p>Santander Bank Polska SA : 09 1090 1069 0000 0001 6533 0727<\/p>\n<p>Tytu\u0142 przelewu: nr zam\u00f3wienia + nazwa podmiotu<\/p>\n<p><strong>Faktury VAT<\/strong> wystawiane i przesy\u0142ane s\u0105 <strong data-start=\"1100\" data-end=\"1130\">po zaksi\u0119gowaniu p\u0142atno\u015bci<\/strong> na rachunku bankowym Organizatora, na dane podane w zam\u00f3wieniu.<\/p>\n<p><strong>Brak wp\u0142aty w terminie mo\u017ce skutkowa\u0107 anulowaniem zam\u00f3wienia.<\/strong><\/p>","protected":false},"excerpt":{"rendered":"<p class=\"p1\">Nocleg w Hotelu Gromada | Pok\u00f3j 2-osobowy | 11-12.02.2026<\/p>\n<p data-start=\"2493\" data-end=\"2599\">Produkt obejmuje <strong data-start=\"2510\" data-end=\"2548\">zakwaterowanie w pokoju 2-osobowym<\/strong> na czas trwania Forum Samorz\u0105d\u00f3w Przysz\u0142o\u015bci 2026.<\/p>\n<p data-start=\"676\" data-end=\"719\">Cena: <strong data-start=\"689\" data-end=\"718\">340,00 PLN brutto \/ pok\u00f3j<\/strong>.<\/p>\n<p><strong>WA\u017bNE &#8211; przeczytaj jak poprawnie zam\u00f3wi\u0107 nocleg:<\/strong><\/p>\n<ol>\n<li>Zaznacz liczb\u0119 os\u00f3b kt\u00f3re maj\u0105 by\u0107 w pokoju (1 lub 2),<\/li>\n<li>Wpisz Imi\u0119, Nazwisko, Stanowisko oraz nazw\u0119 JST &#8211; Go\u015b\u0107 1 (wymagane)<\/li>\n<li>Wpisz Imi\u0119, Nazwisko, Stanowisko oraz nazw\u0119 JST &#8211; Go\u015b\u0107 2 (opcjonalne)<\/li>\n<li>Dodaj 1 sztuk\u0119 produktu Nocleg do koszyka<\/li>\n<li>Je\u015bli jest wi\u0119cej uczestnik\u00f3w, powt\u00f3rz proces.<\/li>\n<\/ol>\n<p>Pami\u0119taj, \u017ceby doda\u0107 do koszyka <a href=\"https:\/\/muns.edu.pl\/en\/product\/bilet-na-forum-samorzadow-przyszlosci-konferencja-lomza-11-12-02-2026-2-dni\/?preview=true\">Bilet na Konferencj\u0119 &#8211; FORUM SAMORZ\u0104D\u00d3W PRZYSZ\u0141O\u015aCI<\/a><\/p>\n<p>W razie pyta\u0144 prosimy o kontakt +48 604 506 903 (pon-pt. w godz. 9-16)<\/p>","protected":false},"featured_media":2727,"template":"","meta":{"_acf_changed":false,"_eb_attr":""},"product_brand":[],"product_cat":[39],"product_tag":[],"class_list":{"0":"post-2732","1":"product","2":"type-product","3":"status-publish","4":"has-post-thumbnail","6":"product_cat-forum-samorzadow-przyszlosci-2026","8":"first","9":"outofstock","10":"virtual","11":"purchasable","12":"product-type-simple"},"acf":[],"yoast_head":"<!-- This site is optimized with the Yoast SEO plugin v26.4 - https:\/\/yoast.com\/wordpress\/plugins\/seo\/ -->\n<title>Nocleg w Hotelu Gromada | Pok\u00f3j 2-osobowy - Mi\u0119dzynarodowa Uczelnia Nauk Spo\u0142ecznych, Medycznych i Prawnych<\/title>\n<meta name=\"robots\" content=\"index, follow, max-snippet:-1, max-image-preview:large, max-video-preview:-1\" \/>\n<link rel=\"canonical\" href=\"https:\/\/muns.edu.pl\/en\/product\/nocleg-w-hotelu-pokoj-2-osobowy-11-12-02-2026-forum-samorzadow-przyszlosci-konferencja-lomza-2026\/\" \/>\n<meta property=\"og:locale\" content=\"en_GB\" \/>\n<meta property=\"og:type\" content=\"article\" \/>\n<meta property=\"og:title\" content=\"Nocleg w Hotelu Gromada | Pok\u00f3j 2-osobowy - Mi\u0119dzynarodowa Uczelnia Nauk Spo\u0142ecznych, Medycznych i Prawnych\" \/>\n<meta property=\"og:description\" content=\"Nocleg w Hotelu Gromada | Pok\u00f3j 2-osobowy | 11-12.02.2026 Produkt obejmuje zakwaterowanie w pokoju 2-osobowym na czas trwania Forum Samorz\u0105d\u00f3w Przysz\u0142o\u015bci 2026. Cena: 340,00 PLN brutto \/ pok\u00f3j. WA\u017bNE - przeczytaj jak poprawnie zam\u00f3wi\u0107 nocleg:   Zaznacz liczb\u0119 os\u00f3b kt\u00f3re maj\u0105 by\u0107 w pokoju (1 lub 2),  Wpisz Imi\u0119, Nazwisko, Stanowisko oraz nazw\u0119 JST - Go\u015b\u0107 1 (wymagane)  Wpisz Imi\u0119, Nazwisko, Stanowisko oraz nazw\u0119 JST - Go\u015b\u0107 2 (opcjonalne)  Dodaj 1 sztuk\u0119 produktu Nocleg do koszyka  Je\u015bli jest wi\u0119cej uczestnik\u00f3w, powt\u00f3rz proces.  Pami\u0119taj, \u017ceby doda\u0107 do koszyka Bilet na Konferencj\u0119 - FORUM SAMORZ\u0104D\u00d3W PRZYSZ\u0141O\u015aCI  W razie pyta\u0144 prosimy o kontakt +48 604 506 903 (pon-pt. w godz. 9-16)\" \/>\n<meta property=\"og:url\" content=\"https:\/\/muns.edu.pl\/en\/product\/nocleg-w-hotelu-pokoj-2-osobowy-11-12-02-2026-forum-samorzadow-przyszlosci-konferencja-lomza-2026\/\" \/>\n<meta property=\"og:site_name\" content=\"Mi\u0119dzynarodowa Uczelnia Nauk Spo\u0142ecznych, Medycznych i Prawnych\" \/>\n<meta property=\"article:modified_time\" content=\"2026-01-26T09:43:18+00:00\" \/>\n<meta property=\"og:image\" content=\"https:\/\/muns.edu.pl\/wp-content\/uploads\/2026\/01\/FSP2026-MUNS-hotel.png\" \/>\n\t<meta property=\"og:image:width\" content=\"1080\" \/>\n\t<meta property=\"og:image:height\" content=\"1080\" \/>\n\t<meta property=\"og:image:type\" content=\"image\/png\" \/>\n<meta name=\"twitter:card\" content=\"summary_large_image\" \/>\n<meta name=\"twitter:label1\" content=\"Estimated reading time\" \/>\n\t<meta name=\"twitter:data1\" content=\"2 minutes\" \/>\n<script type=\"application\/ld+json\" class=\"yoast-schema-graph\">{\"@context\":\"https:\/\/schema.org\",\"@graph\":[{\"@type\":\"WebPage\",\"@id\":\"https:\/\/muns.edu.pl\/produkt\/nocleg-w-hotelu-pokoj-2-osobowy-11-12-02-2026-forum-samorzadow-przyszlosci-konferencja-lomza-2026\/\",\"url\":\"https:\/\/muns.edu.pl\/produkt\/nocleg-w-hotelu-pokoj-2-osobowy-11-12-02-2026-forum-samorzadow-przyszlosci-konferencja-lomza-2026\/\",\"name\":\"Nocleg w Hotelu Gromada | Pok\u00f3j 2-osobowy - Mi\u0119dzynarodowa Uczelnia Nauk Spo\u0142ecznych, Medycznych i Prawnych\",\"isPartOf\":{\"@id\":\"http:\/\/muns.edu.pl\/#website\"},\"primaryImageOfPage\":{\"@id\":\"https:\/\/muns.edu.pl\/produkt\/nocleg-w-hotelu-pokoj-2-osobowy-11-12-02-2026-forum-samorzadow-przyszlosci-konferencja-lomza-2026\/#primaryimage\"},\"image\":{\"@id\":\"https:\/\/muns.edu.pl\/produkt\/nocleg-w-hotelu-pokoj-2-osobowy-11-12-02-2026-forum-samorzadow-przyszlosci-konferencja-lomza-2026\/#primaryimage\"},\"thumbnailUrl\":\"http:\/\/muns.edu.pl\/wp-content\/uploads\/2026\/01\/FSP2026-MUNS-hotel.png\",\"datePublished\":\"2026-01-20T19:57:40+00:00\",\"dateModified\":\"2026-01-26T09:43:18+00:00\",\"breadcrumb\":{\"@id\":\"https:\/\/muns.edu.pl\/produkt\/nocleg-w-hotelu-pokoj-2-osobowy-11-12-02-2026-forum-samorzadow-przyszlosci-konferencja-lomza-2026\/#breadcrumb\"},\"inLanguage\":\"en-GB\",\"potentialAction\":[{\"@type\":\"ReadAction\",\"target\":[\"https:\/\/muns.edu.pl\/produkt\/nocleg-w-hotelu-pokoj-2-osobowy-11-12-02-2026-forum-samorzadow-przyszlosci-konferencja-lomza-2026\/\"]}]},{\"@type\":\"ImageObject\",\"inLanguage\":\"en-GB\",\"@id\":\"https:\/\/muns.edu.pl\/produkt\/nocleg-w-hotelu-pokoj-2-osobowy-11-12-02-2026-forum-samorzadow-przyszlosci-konferencja-lomza-2026\/#primaryimage\",\"url\":\"http:\/\/muns.edu.pl\/wp-content\/uploads\/2026\/01\/FSP2026-MUNS-hotel.png\",\"contentUrl\":\"http:\/\/muns.edu.pl\/wp-content\/uploads\/2026\/01\/FSP2026-MUNS-hotel.png\",\"width\":1080,\"height\":1080},{\"@type\":\"BreadcrumbList\",\"@id\":\"https:\/\/muns.edu.pl\/produkt\/nocleg-w-hotelu-pokoj-2-osobowy-11-12-02-2026-forum-samorzadow-przyszlosci-konferencja-lomza-2026\/#breadcrumb\",\"itemListElement\":[{\"@type\":\"ListItem\",\"position\":1,\"name\":\"Strona g\u0142\u00f3wna\",\"item\":\"http:\/\/muns.edu.pl\/\"},{\"@type\":\"ListItem\",\"position\":2,\"name\":\"Sklep\",\"item\":\"http:\/\/muns.edu.pl\/sklep\/\"},{\"@type\":\"ListItem\",\"position\":3,\"name\":\"Nocleg w Hotelu Gromada | Pok\u00f3j 2-osobowy\"}]},{\"@type\":\"WebSite\",\"@id\":\"http:\/\/muns.edu.pl\/#website\",\"url\":\"http:\/\/muns.edu.pl\/\",\"name\":\"Mi\u0119dzynarodowa Uczelnia Nauk Spo\u0142ecznych, Medycznych i Prawnych\",\"description\":\"Mi\u0119dzynarodowa Uczelnia Nauk Spo\u0142ecznych, Medycznych i Prawnych\",\"publisher\":{\"@id\":\"http:\/\/muns.edu.pl\/#organization\"},\"potentialAction\":[{\"@type\":\"SearchAction\",\"target\":{\"@type\":\"EntryPoint\",\"urlTemplate\":\"http:\/\/muns.edu.pl\/?s={search_term_string}\"},\"query-input\":{\"@type\":\"PropertyValueSpecification\",\"valueRequired\":true,\"valueName\":\"search_term_string\"}}],\"inLanguage\":\"en-GB\"},{\"@type\":\"Organization\",\"@id\":\"http:\/\/muns.edu.pl\/#organization\",\"name\":\"Mi\u0119dzynarodowa Uczelnia Nauk Spo\u0142ecznych, Medycznych i Prawnych\",\"url\":\"http:\/\/muns.edu.pl\/\",\"logo\":{\"@type\":\"ImageObject\",\"inLanguage\":\"en-GB\",\"@id\":\"http:\/\/muns.edu.pl\/#\/schema\/logo\/image\/\",\"url\":\"http:\/\/muns.edu.pl\/wp-content\/uploads\/2025\/09\/MUNS_logo_concept-512-x-512-px-2.png\",\"contentUrl\":\"http:\/\/muns.edu.pl\/wp-content\/uploads\/2025\/09\/MUNS_logo_concept-512-x-512-px-2.png\",\"width\":512,\"height\":512,\"caption\":\"Mi\u0119dzynarodowa Uczelnia Nauk Spo\u0142ecznych, Medycznych i Prawnych\"},\"image\":{\"@id\":\"http:\/\/muns.edu.pl\/#\/schema\/logo\/image\/\"}}]}<\/script>\n<!-- \/ Yoast SEO plugin. -->","yoast_head_json":{"title":"Nocleg w Hotelu Gromada | Pok\u00f3j 2-osobowy - Mi\u0119dzynarodowa Uczelnia Nauk Spo\u0142ecznych, Medycznych i Prawnych","robots":{"index":"index","follow":"follow","max-snippet":"max-snippet:-1","max-image-preview":"max-image-preview:large","max-video-preview":"max-video-preview:-1"},"canonical":"https:\/\/muns.edu.pl\/en\/product\/nocleg-w-hotelu-pokoj-2-osobowy-11-12-02-2026-forum-samorzadow-przyszlosci-konferencja-lomza-2026\/","og_locale":"en_GB","og_type":"article","og_title":"Nocleg w Hotelu Gromada | Pok\u00f3j 2-osobowy - Mi\u0119dzynarodowa Uczelnia Nauk Spo\u0142ecznych, Medycznych i Prawnych","og_description":"Nocleg w Hotelu Gromada | Pok\u00f3j 2-osobowy | 11-12.02.2026 Produkt obejmuje zakwaterowanie w pokoju 2-osobowym na czas trwania Forum Samorz\u0105d\u00f3w Przysz\u0142o\u015bci 2026. Cena: 340,00 PLN brutto \/ pok\u00f3j. WA\u017bNE - przeczytaj jak poprawnie zam\u00f3wi\u0107 nocleg:   Zaznacz liczb\u0119 os\u00f3b kt\u00f3re maj\u0105 by\u0107 w pokoju (1 lub 2),  Wpisz Imi\u0119, Nazwisko, Stanowisko oraz nazw\u0119 JST - Go\u015b\u0107 1 (wymagane)  Wpisz Imi\u0119, Nazwisko, Stanowisko oraz nazw\u0119 JST - Go\u015b\u0107 2 (opcjonalne)  Dodaj 1 sztuk\u0119 produktu Nocleg do koszyka  Je\u015bli jest wi\u0119cej uczestnik\u00f3w, powt\u00f3rz proces.  Pami\u0119taj, \u017ceby doda\u0107 do koszyka Bilet na Konferencj\u0119 - FORUM SAMORZ\u0104D\u00d3W PRZYSZ\u0141O\u015aCI  W razie pyta\u0144 prosimy o kontakt +48 604 506 903 (pon-pt. w godz. 9-16)","og_url":"https:\/\/muns.edu.pl\/en\/product\/nocleg-w-hotelu-pokoj-2-osobowy-11-12-02-2026-forum-samorzadow-przyszlosci-konferencja-lomza-2026\/","og_site_name":"Mi\u0119dzynarodowa Uczelnia Nauk Spo\u0142ecznych, Medycznych i Prawnych","article_modified_time":"2026-01-26T09:43:18+00:00","og_image":[{"width":1080,"height":1080,"url":"https:\/\/muns.edu.pl\/wp-content\/uploads\/2026\/01\/FSP2026-MUNS-hotel.png","type":"image\/png"}],"twitter_card":"summary_large_image","twitter_misc":{"Estimated reading time":"2 minutes"},"schema":{"@context":"https:\/\/schema.org","@graph":[{"@type":"WebPage","@id":"https:\/\/muns.edu.pl\/produkt\/nocleg-w-hotelu-pokoj-2-osobowy-11-12-02-2026-forum-samorzadow-przyszlosci-konferencja-lomza-2026\/","url":"https:\/\/muns.edu.pl\/produkt\/nocleg-w-hotelu-pokoj-2-osobowy-11-12-02-2026-forum-samorzadow-przyszlosci-konferencja-lomza-2026\/","name":"Nocleg w Hotelu Gromada | Pok\u00f3j 2-osobowy - Mi\u0119dzynarodowa Uczelnia Nauk Spo\u0142ecznych, Medycznych i Prawnych","isPartOf":{"@id":"http:\/\/muns.edu.pl\/#website"},"primaryImageOfPage":{"@id":"https:\/\/muns.edu.pl\/produkt\/nocleg-w-hotelu-pokoj-2-osobowy-11-12-02-2026-forum-samorzadow-przyszlosci-konferencja-lomza-2026\/#primaryimage"},"image":{"@id":"https:\/\/muns.edu.pl\/produkt\/nocleg-w-hotelu-pokoj-2-osobowy-11-12-02-2026-forum-samorzadow-przyszlosci-konferencja-lomza-2026\/#primaryimage"},"thumbnailUrl":"http:\/\/muns.edu.pl\/wp-content\/uploads\/2026\/01\/FSP2026-MUNS-hotel.png","datePublished":"2026-01-20T19:57:40+00:00","dateModified":"2026-01-26T09:43:18+00:00","breadcrumb":{"@id":"https:\/\/muns.edu.pl\/produkt\/nocleg-w-hotelu-pokoj-2-osobowy-11-12-02-2026-forum-samorzadow-przyszlosci-konferencja-lomza-2026\/#breadcrumb"},"inLanguage":"en-GB","potentialAction":[{"@type":"ReadAction","target":["https:\/\/muns.edu.pl\/produkt\/nocleg-w-hotelu-pokoj-2-osobowy-11-12-02-2026-forum-samorzadow-przyszlosci-konferencja-lomza-2026\/"]}]},{"@type":"ImageObject","inLanguage":"en-GB","@id":"https:\/\/muns.edu.pl\/produkt\/nocleg-w-hotelu-pokoj-2-osobowy-11-12-02-2026-forum-samorzadow-przyszlosci-konferencja-lomza-2026\/#primaryimage","url":"http:\/\/muns.edu.pl\/wp-content\/uploads\/2026\/01\/FSP2026-MUNS-hotel.png","contentUrl":"http:\/\/muns.edu.pl\/wp-content\/uploads\/2026\/01\/FSP2026-MUNS-hotel.png","width":1080,"height":1080},{"@type":"BreadcrumbList","@id":"https:\/\/muns.edu.pl\/produkt\/nocleg-w-hotelu-pokoj-2-osobowy-11-12-02-2026-forum-samorzadow-przyszlosci-konferencja-lomza-2026\/#breadcrumb","itemListElement":[{"@type":"ListItem","position":1,"name":"Strona g\u0142\u00f3wna","item":"http:\/\/muns.edu.pl\/"},{"@type":"ListItem","position":2,"name":"Sklep","item":"http:\/\/muns.edu.pl\/sklep\/"},{"@type":"ListItem","position":3,"name":"Nocleg w Hotelu Gromada | Pok\u00f3j 2-osobowy"}]},{"@type":"WebSite","@id":"http:\/\/muns.edu.pl\/#website","url":"http:\/\/muns.edu.pl\/","name":"International University of Social Sciences, Medicine and Law","description":"International University of Social Sciences, Medicine and Law","publisher":{"@id":"http:\/\/muns.edu.pl\/#organization"},"potentialAction":[{"@type":"SearchAction","target":{"@type":"EntryPoint","urlTemplate":"http:\/\/muns.edu.pl\/?s={search_term_string}"},"query-input":{"@type":"PropertyValueSpecification","valueRequired":true,"valueName":"search_term_string"}}],"inLanguage":"en-GB"},{"@type":"Organization","@id":"http:\/\/muns.edu.pl\/#organization","name":"International University of Social Sciences, Medicine and Law","url":"http:\/\/muns.edu.pl\/","logo":{"@type":"ImageObject","inLanguage":"en-GB","@id":"http:\/\/muns.edu.pl\/#\/schema\/logo\/image\/","url":"http:\/\/muns.edu.pl\/wp-content\/uploads\/2025\/09\/MUNS_logo_concept-512-x-512-px-2.png","contentUrl":"http:\/\/muns.edu.pl\/wp-content\/uploads\/2025\/09\/MUNS_logo_concept-512-x-512-px-2.png","width":512,"height":512,"caption":"Mi\u0119dzynarodowa Uczelnia Nauk Spo\u0142ecznych, Medycznych i Prawnych"},"image":{"@id":"http:\/\/muns.edu.pl\/#\/schema\/logo\/image\/"}}]}},"jetpack_sharing_enabled":true,"_links":{"self":[{"href":"http:\/\/muns.edu.pl\/en\/wp-json\/wp\/v2\/product\/2732","targetHints":{"allow":["GET"]}}],"collection":[{"href":"http:\/\/muns.edu.pl\/en\/wp-json\/wp\/v2\/product"}],"about":[{"href":"http:\/\/muns.edu.pl\/en\/wp-json\/wp\/v2\/types\/product"}],"wp:featuredmedia":[{"embeddable":true,"href":"http:\/\/muns.edu.pl\/en\/wp-json\/wp\/v2\/media\/2727"}],"wp:attachment":[{"href":"http:\/\/muns.edu.pl\/en\/wp-json\/wp\/v2\/media?parent=2732"}],"wp:term":[{"taxonomy":"product_brand","embeddable":true,"href":"http:\/\/muns.edu.pl\/en\/wp-json\/wp\/v2\/product_brand?post=2732"},{"taxonomy":"product_cat","embeddable":true,"href":"http:\/\/muns.edu.pl\/en\/wp-json\/wp\/v2\/product_cat?post=2732"},{"taxonomy":"product_tag","embeddable":true,"href":"http:\/\/muns.edu.pl\/en\/wp-json\/wp\/v2\/product_tag?post=2732"}],"curies":[{"name":"wp","href":"https:\/\/api.w.org\/{rel}","templated":true}]}}