{"id":357,"date":"2025-09-11T14:15:36","date_gmt":"2025-09-11T12:15:36","guid":{"rendered":"https:\/\/muns.edu.pl\/?page_id=357"},"modified":"2025-09-11T14:16:20","modified_gmt":"2025-09-11T12:16:20","slug":"oferta-edukacyjna-wkrotce","status":"publish","type":"page","link":"http:\/\/muns.edu.pl\/en\/oferta-edukacyjna-wkrotce\/","title":{"rendered":"Oferta edukacyjna &#8211; wkr\u00f3tce"},"content":{"rendered":"<div data-elementor-type=\"wp-page\" data-elementor-id=\"357\" class=\"elementor elementor-357\">\n\t\t\t\t<div class=\"elementor-element elementor-element-62d6c37 e-flex e-con-boxed e-con e-parent\" data-id=\"62d6c37\" data-element_type=\"container\" data-e-type=\"container\" data-settings=\"{&quot;background_background&quot;:&quot;classic&quot;}\">\n\t\t\t\t\t<div class=\"e-con-inner\">\n\t\t<div class=\"elementor-element elementor-element-a1f0b9a e-grid e-con-full e-con e-child\" data-id=\"a1f0b9a\" data-element_type=\"container\" data-e-type=\"container\">\n\t\t<div class=\"elementor-element elementor-element-840e76e e-con-full e-flex e-con e-child\" data-id=\"840e76e\" data-element_type=\"container\" data-e-type=\"container\">\n\t\t\t\t<div class=\"elementor-element elementor-element-2b15766 elementor-widget elementor-widget-heading\" data-id=\"2b15766\" data-element_type=\"widget\" data-e-type=\"widget\" data-widget_type=\"heading.default\">\n\t\t\t\t\t<h2 class=\"elementor-heading-title elementor-size-default\">Oferta edukacyjna pojawi si\u0119 wkr\u00f3tce<\/h2>\t\t\t\t<\/div>\n\t\t\t\t<\/div>\n\t\t<div class=\"elementor-element elementor-element-4c641b0 e-con-full e-flex e-con e-child\" data-id=\"4c641b0\" data-element_type=\"container\" data-e-type=\"container\">\n\t\t\t\t<div class=\"elementor-element elementor-element-ee6df41 elementor-widget elementor-widget-text-editor\" data-id=\"ee6df41\" data-element_type=\"widget\" data-e-type=\"widget\" data-widget_type=\"text-editor.default\">\n\t\t\t\t\t\t\t\t\t<p>Lorem ipsum dolor sit amet, consectetur adipiscing elit. Ut elit tellus, luctus nec ullamcorper mattis, pulvinar dapibus leo.<\/p>\t\t\t\t\t\t\t\t<\/div>\n\t\t\t\t<\/div>\n\t\t<div class=\"elementor-element elementor-element-1bd024d e-con-full e-flex e-con e-child\" data-id=\"1bd024d\" data-element_type=\"container\" data-e-type=\"container\">\n\t\t\t\t<div class=\"elementor-element elementor-element-59d0aea elementor-widget elementor-widget-image\" data-id=\"59d0aea\" data-element_type=\"widget\" data-e-type=\"widget\" data-widget_type=\"image.default\">\n\t\t\t\t\t\t\t\t\t\t\t\t\t\t\t<img fetchpriority=\"high\" decoding=\"async\" width=\"1024\" height=\"1024\" src=\"http:\/\/muns.edu.pl\/wp-content\/uploads\/2025\/09\/MUNS_strona_grafiki_1-1_1-1024x1024.png\" class=\"attachment-large size-large wp-image-139\" alt=\"\" srcset=\"http:\/\/muns.edu.pl\/wp-content\/uploads\/2025\/09\/MUNS_strona_grafiki_1-1_1-1024x1024.png 1024w, http:\/\/muns.edu.pl\/wp-content\/uploads\/2025\/09\/MUNS_strona_grafiki_1-1_1-300x300.png 300w, http:\/\/muns.edu.pl\/wp-content\/uploads\/2025\/09\/MUNS_strona_grafiki_1-1_1-150x150.png 150w, http:\/\/muns.edu.pl\/wp-content\/uploads\/2025\/09\/MUNS_strona_grafiki_1-1_1-768x768.png 768w, http:\/\/muns.edu.pl\/wp-content\/uploads\/2025\/09\/MUNS_strona_grafiki_1-1_1-1536x1536.png 1536w, http:\/\/muns.edu.pl\/wp-content\/uploads\/2025\/09\/MUNS_strona_grafiki_1-1_1-600x600.png 600w, http:\/\/muns.edu.pl\/wp-content\/uploads\/2025\/09\/MUNS_strona_grafiki_1-1_1-100x100.png 100w, http:\/\/muns.edu.pl\/wp-content\/uploads\/2025\/09\/MUNS_strona_grafiki_1-1_1.png 2048w\" sizes=\"(max-width: 1024px) 100vw, 1024px\" \/>\t\t\t\t\t\t\t\t\t\t\t\t\t\t\t<\/div>\n\t\t\t\t<\/div>\n\t\t\t\t<\/div>\n\t\t\t\t\t<\/div>\n\t\t\t\t<\/div>\n\t\t\t\t<\/div>","protected":false},"excerpt":{"rendered":"<p>Oferta edukacyjna pojawi si\u0119 wkr\u00f3tce Lorem ipsum dolor sit amet, consectetur adipiscing elit. Ut elit tellus, luctus nec ullamcorper mattis, pulvinar dapibus leo.<\/p>","protected":false},"author":1,"featured_media":0,"parent":0,"menu_order":0,"comment_status":"closed","ping_status":"closed","template":"","meta":{"_acf_changed":false,"_eb_attr":"","footnotes":""},"class_list":["post-357","page","type-page","status-publish","hentry"],"blocksy_meta":[],"acf":[],"yoast_head":"<!-- This site is optimized with the Yoast SEO plugin v26.4 - https:\/\/yoast.com\/wordpress\/plugins\/seo\/ -->\n<title>Oferta edukacyjna - wkr\u00f3tce - Mi\u0119dzynarodowa Uczelnia Nauk Spo\u0142ecznych, Medycznych i Prawnych<\/title>\n<meta name=\"robots\" content=\"index, follow, max-snippet:-1, max-image-preview:large, max-video-preview:-1\" \/>\n<link rel=\"canonical\" href=\"https:\/\/muns.edu.pl\/en\/oferta-edukacyjna-wkrotce\/\" \/>\n<meta property=\"og:locale\" content=\"en_GB\" \/>\n<meta property=\"og:type\" content=\"article\" \/>\n<meta property=\"og:title\" content=\"Oferta edukacyjna - wkr\u00f3tce - Mi\u0119dzynarodowa Uczelnia Nauk Spo\u0142ecznych, Medycznych i Prawnych\" \/>\n<meta property=\"og:description\" content=\"Oferta edukacyjna pojawi si\u0119 wkr\u00f3tce Lorem ipsum dolor sit amet, consectetur adipiscing elit. Ut elit tellus, luctus nec ullamcorper mattis, pulvinar dapibus leo.\" \/>\n<meta property=\"og:url\" content=\"https:\/\/muns.edu.pl\/en\/oferta-edukacyjna-wkrotce\/\" \/>\n<meta property=\"og:site_name\" content=\"Mi\u0119dzynarodowa Uczelnia Nauk Spo\u0142ecznych, Medycznych i Prawnych\" \/>\n<meta property=\"article:modified_time\" content=\"2025-09-11T12:16:20+00:00\" \/>\n<meta property=\"og:image\" content=\"http:\/\/muns.edu.pl\/wp-content\/uploads\/2025\/09\/MUNS_strona_grafiki_1-1_1-1024x1024.png\" \/>\n<meta name=\"twitter:card\" content=\"summary_large_image\" \/>\n<script type=\"application\/ld+json\" class=\"yoast-schema-graph\">{\"@context\":\"https:\/\/schema.org\",\"@graph\":[{\"@type\":\"WebPage\",\"@id\":\"https:\/\/muns.edu.pl\/oferta-edukacyjna-wkrotce\/\",\"url\":\"https:\/\/muns.edu.pl\/oferta-edukacyjna-wkrotce\/\",\"name\":\"Oferta edukacyjna - wkr\u00f3tce - Mi\u0119dzynarodowa Uczelnia Nauk Spo\u0142ecznych, Medycznych i Prawnych\",\"isPartOf\":{\"@id\":\"http:\/\/muns.edu.pl\/#website\"},\"primaryImageOfPage\":{\"@id\":\"https:\/\/muns.edu.pl\/oferta-edukacyjna-wkrotce\/#primaryimage\"},\"image\":{\"@id\":\"https:\/\/muns.edu.pl\/oferta-edukacyjna-wkrotce\/#primaryimage\"},\"thumbnailUrl\":\"http:\/\/muns.edu.pl\/wp-content\/uploads\/2025\/09\/MUNS_strona_grafiki_1-1_1-1024x1024.png\",\"datePublished\":\"2025-09-11T12:15:36+00:00\",\"dateModified\":\"2025-09-11T12:16:20+00:00\",\"breadcrumb\":{\"@id\":\"https:\/\/muns.edu.pl\/oferta-edukacyjna-wkrotce\/#breadcrumb\"},\"inLanguage\":\"en-GB\",\"potentialAction\":[{\"@type\":\"ReadAction\",\"target\":[\"https:\/\/muns.edu.pl\/oferta-edukacyjna-wkrotce\/\"]}]},{\"@type\":\"ImageObject\",\"inLanguage\":\"en-GB\",\"@id\":\"https:\/\/muns.edu.pl\/oferta-edukacyjna-wkrotce\/#primaryimage\",\"url\":\"http:\/\/muns.edu.pl\/wp-content\/uploads\/2025\/09\/MUNS_strona_grafiki_1-1_1-1024x1024.png\",\"contentUrl\":\"http:\/\/muns.edu.pl\/wp-content\/uploads\/2025\/09\/MUNS_strona_grafiki_1-1_1-1024x1024.png\"},{\"@type\":\"BreadcrumbList\",\"@id\":\"https:\/\/muns.edu.pl\/oferta-edukacyjna-wkrotce\/#breadcrumb\",\"itemListElement\":[{\"@type\":\"ListItem\",\"position\":1,\"name\":\"Strona g\u0142\u00f3wna\",\"item\":\"http:\/\/muns.edu.pl\/\"},{\"@type\":\"ListItem\",\"position\":2,\"name\":\"Oferta edukacyjna &#8211; wkr\u00f3tce\"}]},{\"@type\":\"WebSite\",\"@id\":\"http:\/\/muns.edu.pl\/#website\",\"url\":\"http:\/\/muns.edu.pl\/\",\"name\":\"Mi\u0119dzynarodowa Uczelnia Nauk Spo\u0142ecznych, Medycznych i Prawnych\",\"description\":\"Mi\u0119dzynarodowa Uczelnia Nauk Spo\u0142ecznych, Medycznych i Prawnych\",\"publisher\":{\"@id\":\"http:\/\/muns.edu.pl\/#organization\"},\"potentialAction\":[{\"@type\":\"SearchAction\",\"target\":{\"@type\":\"EntryPoint\",\"urlTemplate\":\"http:\/\/muns.edu.pl\/?s={search_term_string}\"},\"query-input\":{\"@type\":\"PropertyValueSpecification\",\"valueRequired\":true,\"valueName\":\"search_term_string\"}}],\"inLanguage\":\"en-GB\"},{\"@type\":\"Organization\",\"@id\":\"http:\/\/muns.edu.pl\/#organization\",\"name\":\"Mi\u0119dzynarodowa Uczelnia Nauk Spo\u0142ecznych, Medycznych i Prawnych\",\"url\":\"http:\/\/muns.edu.pl\/\",\"logo\":{\"@type\":\"ImageObject\",\"inLanguage\":\"en-GB\",\"@id\":\"http:\/\/muns.edu.pl\/#\/schema\/logo\/image\/\",\"url\":\"http:\/\/muns.edu.pl\/wp-content\/uploads\/2025\/09\/MUNS_logo_concept-512-x-512-px-2.png\",\"contentUrl\":\"http:\/\/muns.edu.pl\/wp-content\/uploads\/2025\/09\/MUNS_logo_concept-512-x-512-px-2.png\",\"width\":512,\"height\":512,\"caption\":\"Mi\u0119dzynarodowa Uczelnia Nauk Spo\u0142ecznych, Medycznych i Prawnych\"},\"image\":{\"@id\":\"http:\/\/muns.edu.pl\/#\/schema\/logo\/image\/\"}}]}<\/script>\n<!-- \/ Yoast SEO plugin. -->","yoast_head_json":{"title":"Oferta edukacyjna - wkr\u00f3tce - Mi\u0119dzynarodowa Uczelnia Nauk Spo\u0142ecznych, Medycznych i Prawnych","robots":{"index":"index","follow":"follow","max-snippet":"max-snippet:-1","max-image-preview":"max-image-preview:large","max-video-preview":"max-video-preview:-1"},"canonical":"https:\/\/muns.edu.pl\/en\/oferta-edukacyjna-wkrotce\/","og_locale":"en_GB","og_type":"article","og_title":"Oferta edukacyjna - wkr\u00f3tce - Mi\u0119dzynarodowa Uczelnia Nauk Spo\u0142ecznych, Medycznych i Prawnych","og_description":"Oferta edukacyjna pojawi si\u0119 wkr\u00f3tce Lorem ipsum dolor sit amet, consectetur adipiscing elit. Ut elit tellus, luctus nec ullamcorper mattis, pulvinar dapibus leo.","og_url":"https:\/\/muns.edu.pl\/en\/oferta-edukacyjna-wkrotce\/","og_site_name":"Mi\u0119dzynarodowa Uczelnia Nauk Spo\u0142ecznych, Medycznych i Prawnych","article_modified_time":"2025-09-11T12:16:20+00:00","og_image":[{"url":"http:\/\/muns.edu.pl\/wp-content\/uploads\/2025\/09\/MUNS_strona_grafiki_1-1_1-1024x1024.png","type":"","width":"","height":""}],"twitter_card":"summary_large_image","schema":{"@context":"https:\/\/schema.org","@graph":[{"@type":"WebPage","@id":"https:\/\/muns.edu.pl\/oferta-edukacyjna-wkrotce\/","url":"https:\/\/muns.edu.pl\/oferta-edukacyjna-wkrotce\/","name":"Oferta edukacyjna - wkr\u00f3tce - Mi\u0119dzynarodowa Uczelnia Nauk Spo\u0142ecznych, Medycznych i Prawnych","isPartOf":{"@id":"http:\/\/muns.edu.pl\/#website"},"primaryImageOfPage":{"@id":"https:\/\/muns.edu.pl\/oferta-edukacyjna-wkrotce\/#primaryimage"},"image":{"@id":"https:\/\/muns.edu.pl\/oferta-edukacyjna-wkrotce\/#primaryimage"},"thumbnailUrl":"http:\/\/muns.edu.pl\/wp-content\/uploads\/2025\/09\/MUNS_strona_grafiki_1-1_1-1024x1024.png","datePublished":"2025-09-11T12:15:36+00:00","dateModified":"2025-09-11T12:16:20+00:00","breadcrumb":{"@id":"https:\/\/muns.edu.pl\/oferta-edukacyjna-wkrotce\/#breadcrumb"},"inLanguage":"en-GB","potentialAction":[{"@type":"ReadAction","target":["https:\/\/muns.edu.pl\/oferta-edukacyjna-wkrotce\/"]}]},{"@type":"ImageObject","inLanguage":"en-GB","@id":"https:\/\/muns.edu.pl\/oferta-edukacyjna-wkrotce\/#primaryimage","url":"http:\/\/muns.edu.pl\/wp-content\/uploads\/2025\/09\/MUNS_strona_grafiki_1-1_1-1024x1024.png","contentUrl":"http:\/\/muns.edu.pl\/wp-content\/uploads\/2025\/09\/MUNS_strona_grafiki_1-1_1-1024x1024.png"},{"@type":"BreadcrumbList","@id":"https:\/\/muns.edu.pl\/oferta-edukacyjna-wkrotce\/#breadcrumb","itemListElement":[{"@type":"ListItem","position":1,"name":"Strona g\u0142\u00f3wna","item":"http:\/\/muns.edu.pl\/"},{"@type":"ListItem","position":2,"name":"Oferta edukacyjna &#8211; wkr\u00f3tce"}]},{"@type":"WebSite","@id":"http:\/\/muns.edu.pl\/#website","url":"http:\/\/muns.edu.pl\/","name":"International University of Social Sciences, Medicine and Law","description":"International University of Social Sciences, Medicine and Law","publisher":{"@id":"http:\/\/muns.edu.pl\/#organization"},"potentialAction":[{"@type":"SearchAction","target":{"@type":"EntryPoint","urlTemplate":"http:\/\/muns.edu.pl\/?s={search_term_string}"},"query-input":{"@type":"PropertyValueSpecification","valueRequired":true,"valueName":"search_term_string"}}],"inLanguage":"en-GB"},{"@type":"Organization","@id":"http:\/\/muns.edu.pl\/#organization","name":"International University of Social Sciences, Medicine and Law","url":"http:\/\/muns.edu.pl\/","logo":{"@type":"ImageObject","inLanguage":"en-GB","@id":"http:\/\/muns.edu.pl\/#\/schema\/logo\/image\/","url":"http:\/\/muns.edu.pl\/wp-content\/uploads\/2025\/09\/MUNS_logo_concept-512-x-512-px-2.png","contentUrl":"http:\/\/muns.edu.pl\/wp-content\/uploads\/2025\/09\/MUNS_logo_concept-512-x-512-px-2.png","width":512,"height":512,"caption":"Mi\u0119dzynarodowa Uczelnia Nauk Spo\u0142ecznych, Medycznych i Prawnych"},"image":{"@id":"http:\/\/muns.edu.pl\/#\/schema\/logo\/image\/"}}]}},"jetpack_sharing_enabled":true,"_links":{"self":[{"href":"http:\/\/muns.edu.pl\/en\/wp-json\/wp\/v2\/pages\/357","targetHints":{"allow":["GET"]}}],"collection":[{"href":"http:\/\/muns.edu.pl\/en\/wp-json\/wp\/v2\/pages"}],"about":[{"href":"http:\/\/muns.edu.pl\/en\/wp-json\/wp\/v2\/types\/page"}],"author":[{"embeddable":true,"href":"http:\/\/muns.edu.pl\/en\/wp-json\/wp\/v2\/users\/1"}],"replies":[{"embeddable":true,"href":"http:\/\/muns.edu.pl\/en\/wp-json\/wp\/v2\/comments?post=357"}],"version-history":[{"count":4,"href":"http:\/\/muns.edu.pl\/en\/wp-json\/wp\/v2\/pages\/357\/revisions"}],"predecessor-version":[{"id":361,"href":"http:\/\/muns.edu.pl\/en\/wp-json\/wp\/v2\/pages\/357\/revisions\/361"}],"wp:attachment":[{"href":"http:\/\/muns.edu.pl\/en\/wp-json\/wp\/v2\/media?parent=357"}],"curies":[{"name":"wp","href":"https:\/\/api.w.org\/{rel}","templated":true}]}}