{"id":1737,"date":"2025-10-21T16:12:01","date_gmt":"2025-10-21T14:12:01","guid":{"rendered":"https:\/\/muns.edu.pl\/?page_id=1737"},"modified":"2025-10-21T16:15:30","modified_gmt":"2025-10-21T14:15:30","slug":"lider-rzemiosla-zarzadzanie-i-rozwoj-organizacji-cechowych","status":"publish","type":"page","link":"http:\/\/muns.edu.pl\/en\/studia\/studia-podyplomowe\/lider-rzemiosla-zarzadzanie-i-rozwoj-organizacji-cechowych\/","title":{"rendered":"Lider Rzemios\u0142a \u2013 Zarz\u0105dzanie i Rozw\u00f3j Organizacji Cechowych"},"content":{"rendered":"<div data-elementor-type=\"wp-page\" data-elementor-id=\"1737\" class=\"elementor elementor-1737\">\n\t\t\t\t<div class=\"elementor-element elementor-element-f1c35c2 e-flex e-con-boxed e-con e-parent\" data-id=\"f1c35c2\" data-element_type=\"container\" data-e-type=\"container\">\n\t\t\t\t\t<div class=\"e-con-inner\">\n\t\t\t\t<div class=\"elementor-element elementor-element-cfd9fec elementor-widget elementor-widget-eael-breadcrumbs\" data-id=\"cfd9fec\" data-element_type=\"widget\" data-e-type=\"widget\" data-widget_type=\"eael-breadcrumbs.default\">\n\t\t\t\t<div class=\"elementor-widget-container\">\n\t\t\t\t\t\t\t<div class=\"eael-breadcrumbs\">\n\t\t\t<div class=\"eael-breadcrumbs__content\"><a href=\"http:\/\/muns.edu.pl\/en\">Home<\/a> <span class=\"eael-breadcrumb-separator\">\/<\/span> <span class = \"eael-current\">Page<\/span><\/div>\t\t<\/div>\n\t\t\t\t\t\t<\/div>\n\t\t\t\t<\/div>\n\t\t\t\t\t<\/div>\n\t\t\t\t<\/div>\n\t\t<div class=\"elementor-element elementor-element-154e6ef e-flex e-con-boxed e-con e-parent\" data-id=\"154e6ef\" data-element_type=\"container\" data-e-type=\"container\" data-settings=\"{&quot;background_background&quot;:&quot;classic&quot;}\">\n\t\t\t\t\t<div class=\"e-con-inner\">\n\t\t\t\t<div class=\"elementor-element elementor-element-63fe9d4 elementor-widget elementor-widget-heading\" data-id=\"63fe9d4\" data-element_type=\"widget\" data-e-type=\"widget\" data-widget_type=\"heading.default\">\n\t\t\t\t\t<h1 class=\"elementor-heading-title elementor-size-default\">Lider Rzemios\u0142a \u2013 Zarz\u0105dzanie i Rozw\u00f3j Organizacji Cechowych<\/h1>\t\t\t\t<\/div>\n\t\t\t\t\t<\/div>\n\t\t\t\t<\/div>\n\t\t<div class=\"elementor-element elementor-element-8ba7c22 e-flex e-con-boxed e-con e-parent\" data-id=\"8ba7c22\" data-element_type=\"container\" data-e-type=\"container\" data-settings=\"{&quot;background_background&quot;:&quot;classic&quot;}\">\n\t\t\t\t\t<div class=\"e-con-inner\">\n\t\t\t\t<div class=\"elementor-element elementor-element-760b7db elementor-widget elementor-widget-heading\" data-id=\"760b7db\" data-element_type=\"widget\" data-e-type=\"widget\" data-widget_type=\"heading.default\">\n\t\t\t\t\t<h2 class=\"elementor-heading-title elementor-size-default\">Rekrutacja wkr\u00f3tce!<\/h2>\t\t\t\t<\/div>\n\t\t\t\t\t<\/div>\n\t\t\t\t<\/div>\n\t\t<div class=\"elementor-element elementor-element-b056c9c e-flex e-con-boxed e-con e-parent\" data-id=\"b056c9c\" data-element_type=\"container\" data-e-type=\"container\">\n\t\t\t\t\t<div class=\"e-con-inner\">\n\t\t<div class=\"elementor-element elementor-element-2797b06 e-con-full e-flex e-con e-child\" data-id=\"2797b06\" data-element_type=\"container\" data-e-type=\"container\">\n\t\t\t\t<div class=\"elementor-element elementor-element-8bc3866 elementor-widget elementor-widget-heading\" data-id=\"8bc3866\" data-element_type=\"widget\" data-e-type=\"widget\" data-widget_type=\"heading.default\">\n\t\t\t\t\t<h2 class=\"elementor-heading-title elementor-size-default\">Lider Rzemios\u0142a \u2013 Zarz\u0105dzanie i Rozw\u00f3j Organizacji Cechowych<\/h2>\t\t\t\t<\/div>\n\t\t\t\t<div class=\"elementor-element elementor-element-1e90a8d elementor-widget elementor-widget-text-editor\" data-id=\"1e90a8d\" data-element_type=\"widget\" data-e-type=\"widget\" data-widget_type=\"text-editor.default\">\n\t\t\t\t\t\t\t\t\t<p class=\"p1\">Studia podyplomowe \u201eLider Rzemios\u0142a \u2013 Zarz\u0105dzanie i Rozw\u00f3j Organizacji Cechowych\u201d to pierwszy w Polsce program dedykowany osobom zarz\u0105dzaj\u0105cym cechami, izbami rzemie\u015blniczymi i przedsi\u0119biorstwami rodzinnymi. Kierunek \u0142\u0105czy tradycj\u0119 z nowoczesnym podej\u015bciem do zarz\u0105dzania, marketingu i finansowania dzia\u0142alno\u015bci rzemie\u015blniczej.<\/p><p class=\"p1\">Uczestnicy poznaj\u0105 sprawdzone metody budowania silnych organizacji cechowych, zasady sukcesji w biznesie rodzinnym, innowacyjne strategie marketingowe, a tak\u017ce mo\u017cliwo\u015bci pozyskiwania funduszy unijnych i krajowych na rozw\u00f3j rzemios\u0142a. Program obejmuje r\u00f3wnie\u017c prawo gospodarcze i podatkowe, nowoczesne technologie wspieraj\u0105ce warsztaty rzemie\u015blnicze oraz wykorzystanie rzemios\u0142a w turystyce i ekonomii do\u015bwiadcze\u0144.<\/p><p class=\"p1\">To studia dla os\u00f3b, kt\u00f3re chc\u0105 sta\u0107 si\u0119 liderami odnowy rzemios\u0142a w Polsce \u2013 \u0142\u0105czy\u0107 bogat\u0105 tradycj\u0119 z innowacjami i budowa\u0107 presti\u017c organizacji cechowych w nowoczesnym \u015bwiecie biznesu. Absolwenci b\u0119d\u0105 przygotowani do pe\u0142nienia roli mened\u017cer\u00f3w, doradc\u00f3w i lider\u00f3w rzemios\u0142a, kt\u00f3rzy potrafi\u0105 skutecznie rozwija\u0107 lokalne spo\u0142eczno\u015bci i przedsi\u0119biorstwa rodzinne.<\/p>\t\t\t\t\t\t\t\t<\/div>\n\t\t\t\t<\/div>\n\t\t<div class=\"elementor-element elementor-element-8d65d27 e-con-full e-flex e-con e-child\" data-id=\"8d65d27\" data-element_type=\"container\" data-e-type=\"container\">\n\t\t\t\t<div class=\"elementor-element elementor-element-0146246 elementor-widget elementor-widget-image\" data-id=\"0146246\" data-element_type=\"widget\" data-e-type=\"widget\" data-widget_type=\"image.default\">\n\t\t\t\t\t\t\t\t\t\t\t\t\t\t\t<img fetchpriority=\"high\" decoding=\"async\" width=\"1024\" height=\"1024\" src=\"http:\/\/muns.edu.pl\/wp-content\/uploads\/2025\/10\/Lider-Rzemiosla-\u2013-Zarzadzanie-i-Rozwoj-Organizacji-Cechowych1.png\" class=\"attachment-large size-large wp-image-1748\" alt=\"\" srcset=\"http:\/\/muns.edu.pl\/wp-content\/uploads\/2025\/10\/Lider-Rzemiosla-\u2013-Zarzadzanie-i-Rozwoj-Organizacji-Cechowych1.png 1024w, http:\/\/muns.edu.pl\/wp-content\/uploads\/2025\/10\/Lider-Rzemiosla-\u2013-Zarzadzanie-i-Rozwoj-Organizacji-Cechowych1-300x300.png 300w, http:\/\/muns.edu.pl\/wp-content\/uploads\/2025\/10\/Lider-Rzemiosla-\u2013-Zarzadzanie-i-Rozwoj-Organizacji-Cechowych1-150x150.png 150w, http:\/\/muns.edu.pl\/wp-content\/uploads\/2025\/10\/Lider-Rzemiosla-\u2013-Zarzadzanie-i-Rozwoj-Organizacji-Cechowych1-768x768.png 768w, http:\/\/muns.edu.pl\/wp-content\/uploads\/2025\/10\/Lider-Rzemiosla-\u2013-Zarzadzanie-i-Rozwoj-Organizacji-Cechowych1-600x600.png 600w, http:\/\/muns.edu.pl\/wp-content\/uploads\/2025\/10\/Lider-Rzemiosla-\u2013-Zarzadzanie-i-Rozwoj-Organizacji-Cechowych1-100x100.png 100w\" sizes=\"(max-width: 1024px) 100vw, 1024px\" \/>\t\t\t\t\t\t\t\t\t\t\t\t\t\t\t<\/div>\n\t\t\t\t<\/div>\n\t\t\t\t\t<\/div>\n\t\t\t\t<\/div>\n\t\t\t\t<\/div>","protected":false},"excerpt":{"rendered":"<p>Home \/ Strona Lider Rzemios\u0142a \u2013 Zarz\u0105dzanie i Rozw\u00f3j Organizacji Cechowych Rekrutacja wkr\u00f3tce! Lider Rzemios\u0142a \u2013 Zarz\u0105dzanie i Rozw\u00f3j Organizacji Cechowych Studia podyplomowe \u201eLider Rzemios\u0142a \u2013 Zarz\u0105dzanie i Rozw\u00f3j Organizacji Cechowych\u201d to pierwszy w Polsce program dedykowany osobom zarz\u0105dzaj\u0105cym cechami, izbami rzemie\u015blniczymi i przedsi\u0119biorstwami rodzinnymi. Kierunek \u0142\u0105czy tradycj\u0119 z nowoczesnym podej\u015bciem do zarz\u0105dzania, marketingu i [&hellip;]<\/p>","protected":false},"author":2,"featured_media":0,"parent":29,"menu_order":0,"comment_status":"closed","ping_status":"closed","template":"","meta":{"_acf_changed":false,"_eb_attr":"","footnotes":""},"class_list":["post-1737","page","type-page","status-publish","hentry"],"blocksy_meta":[],"acf":[],"yoast_head":"<!-- This site is optimized with the Yoast SEO plugin v26.4 - https:\/\/yoast.com\/wordpress\/plugins\/seo\/ -->\n<title>Lider Rzemios\u0142a \u2013 Zarz\u0105dzanie i Rozw\u00f3j Organizacji Cechowych - Mi\u0119dzynarodowa Uczelnia Nauk Spo\u0142ecznych, Medycznych i Prawnych<\/title>\n<meta name=\"robots\" content=\"index, follow, max-snippet:-1, max-image-preview:large, max-video-preview:-1\" \/>\n<link rel=\"canonical\" href=\"https:\/\/muns.edu.pl\/en\/studia\/studia-podyplomowe\/lider-rzemiosla-zarzadzanie-i-rozwoj-organizacji-cechowych\/\" \/>\n<meta property=\"og:locale\" content=\"en_GB\" \/>\n<meta property=\"og:type\" content=\"article\" \/>\n<meta property=\"og:title\" content=\"Lider Rzemios\u0142a \u2013 Zarz\u0105dzanie i Rozw\u00f3j Organizacji Cechowych - Mi\u0119dzynarodowa Uczelnia Nauk Spo\u0142ecznych, Medycznych i Prawnych\" \/>\n<meta property=\"og:description\" content=\"Home \/ Strona Lider Rzemios\u0142a \u2013 Zarz\u0105dzanie i Rozw\u00f3j Organizacji Cechowych Rekrutacja wkr\u00f3tce! Lider Rzemios\u0142a \u2013 Zarz\u0105dzanie i Rozw\u00f3j Organizacji Cechowych Studia podyplomowe \u201eLider Rzemios\u0142a \u2013 Zarz\u0105dzanie i Rozw\u00f3j Organizacji Cechowych\u201d to pierwszy w Polsce program dedykowany osobom zarz\u0105dzaj\u0105cym cechami, izbami rzemie\u015blniczymi i przedsi\u0119biorstwami rodzinnymi. Kierunek \u0142\u0105czy tradycj\u0119 z nowoczesnym podej\u015bciem do zarz\u0105dzania, marketingu i [&hellip;]\" \/>\n<meta property=\"og:url\" content=\"https:\/\/muns.edu.pl\/en\/studia\/studia-podyplomowe\/lider-rzemiosla-zarzadzanie-i-rozwoj-organizacji-cechowych\/\" \/>\n<meta property=\"og:site_name\" content=\"Mi\u0119dzynarodowa Uczelnia Nauk Spo\u0142ecznych, Medycznych i Prawnych\" \/>\n<meta property=\"article:modified_time\" content=\"2025-10-21T14:15:30+00:00\" \/>\n<meta name=\"twitter:card\" content=\"summary_large_image\" \/>\n<meta name=\"twitter:label1\" content=\"Estimated reading time\" \/>\n\t<meta name=\"twitter:data1\" content=\"1 minute\" \/>\n<script type=\"application\/ld+json\" class=\"yoast-schema-graph\">{\"@context\":\"https:\/\/schema.org\",\"@graph\":[{\"@type\":\"WebPage\",\"@id\":\"https:\/\/muns.edu.pl\/studia\/studia-podyplomowe\/lider-rzemiosla-zarzadzanie-i-rozwoj-organizacji-cechowych\/\",\"url\":\"https:\/\/muns.edu.pl\/studia\/studia-podyplomowe\/lider-rzemiosla-zarzadzanie-i-rozwoj-organizacji-cechowych\/\",\"name\":\"Lider Rzemios\u0142a \u2013 Zarz\u0105dzanie i Rozw\u00f3j Organizacji Cechowych - Mi\u0119dzynarodowa Uczelnia Nauk Spo\u0142ecznych, Medycznych i Prawnych\",\"isPartOf\":{\"@id\":\"http:\/\/muns.edu.pl\/#website\"},\"datePublished\":\"2025-10-21T14:12:01+00:00\",\"dateModified\":\"2025-10-21T14:15:30+00:00\",\"breadcrumb\":{\"@id\":\"https:\/\/muns.edu.pl\/studia\/studia-podyplomowe\/lider-rzemiosla-zarzadzanie-i-rozwoj-organizacji-cechowych\/#breadcrumb\"},\"inLanguage\":\"en-GB\",\"potentialAction\":[{\"@type\":\"ReadAction\",\"target\":[\"https:\/\/muns.edu.pl\/studia\/studia-podyplomowe\/lider-rzemiosla-zarzadzanie-i-rozwoj-organizacji-cechowych\/\"]}]},{\"@type\":\"BreadcrumbList\",\"@id\":\"https:\/\/muns.edu.pl\/studia\/studia-podyplomowe\/lider-rzemiosla-zarzadzanie-i-rozwoj-organizacji-cechowych\/#breadcrumb\",\"itemListElement\":[{\"@type\":\"ListItem\",\"position\":1,\"name\":\"Strona g\u0142\u00f3wna\",\"item\":\"http:\/\/muns.edu.pl\/\"},{\"@type\":\"ListItem\",\"position\":2,\"name\":\"Oferta edukacyjna\",\"item\":\"https:\/\/muns.edu.pl\/studia\/\"},{\"@type\":\"ListItem\",\"position\":3,\"name\":\"Studia podyplomowe\",\"item\":\"https:\/\/muns.edu.pl\/studia\/studia-podyplomowe\/\"},{\"@type\":\"ListItem\",\"position\":4,\"name\":\"Lider Rzemios\u0142a \u2013 Zarz\u0105dzanie i Rozw\u00f3j Organizacji Cechowych\"}]},{\"@type\":\"WebSite\",\"@id\":\"http:\/\/muns.edu.pl\/#website\",\"url\":\"http:\/\/muns.edu.pl\/\",\"name\":\"Mi\u0119dzynarodowa Uczelnia Nauk Spo\u0142ecznych, Medycznych i Prawnych\",\"description\":\"Mi\u0119dzynarodowa Uczelnia Nauk Spo\u0142ecznych, Medycznych i Prawnych\",\"publisher\":{\"@id\":\"http:\/\/muns.edu.pl\/#organization\"},\"potentialAction\":[{\"@type\":\"SearchAction\",\"target\":{\"@type\":\"EntryPoint\",\"urlTemplate\":\"http:\/\/muns.edu.pl\/?s={search_term_string}\"},\"query-input\":{\"@type\":\"PropertyValueSpecification\",\"valueRequired\":true,\"valueName\":\"search_term_string\"}}],\"inLanguage\":\"en-GB\"},{\"@type\":\"Organization\",\"@id\":\"http:\/\/muns.edu.pl\/#organization\",\"name\":\"Mi\u0119dzynarodowa Uczelnia Nauk Spo\u0142ecznych, Medycznych i Prawnych\",\"url\":\"http:\/\/muns.edu.pl\/\",\"logo\":{\"@type\":\"ImageObject\",\"inLanguage\":\"en-GB\",\"@id\":\"http:\/\/muns.edu.pl\/#\/schema\/logo\/image\/\",\"url\":\"http:\/\/muns.edu.pl\/wp-content\/uploads\/2025\/09\/MUNS_logo_concept-512-x-512-px-2.png\",\"contentUrl\":\"http:\/\/muns.edu.pl\/wp-content\/uploads\/2025\/09\/MUNS_logo_concept-512-x-512-px-2.png\",\"width\":512,\"height\":512,\"caption\":\"Mi\u0119dzynarodowa Uczelnia Nauk Spo\u0142ecznych, Medycznych i Prawnych\"},\"image\":{\"@id\":\"http:\/\/muns.edu.pl\/#\/schema\/logo\/image\/\"}}]}<\/script>\n<!-- \/ Yoast SEO plugin. -->","yoast_head_json":{"title":"Lider Rzemios\u0142a \u2013 Zarz\u0105dzanie i Rozw\u00f3j Organizacji Cechowych - Mi\u0119dzynarodowa Uczelnia Nauk Spo\u0142ecznych, Medycznych i Prawnych","robots":{"index":"index","follow":"follow","max-snippet":"max-snippet:-1","max-image-preview":"max-image-preview:large","max-video-preview":"max-video-preview:-1"},"canonical":"https:\/\/muns.edu.pl\/en\/studia\/studia-podyplomowe\/lider-rzemiosla-zarzadzanie-i-rozwoj-organizacji-cechowych\/","og_locale":"en_GB","og_type":"article","og_title":"Lider Rzemios\u0142a \u2013 Zarz\u0105dzanie i Rozw\u00f3j Organizacji Cechowych - Mi\u0119dzynarodowa Uczelnia Nauk Spo\u0142ecznych, Medycznych i Prawnych","og_description":"Home \/ Strona Lider Rzemios\u0142a \u2013 Zarz\u0105dzanie i Rozw\u00f3j Organizacji Cechowych Rekrutacja wkr\u00f3tce! Lider Rzemios\u0142a \u2013 Zarz\u0105dzanie i Rozw\u00f3j Organizacji Cechowych Studia podyplomowe \u201eLider Rzemios\u0142a \u2013 Zarz\u0105dzanie i Rozw\u00f3j Organizacji Cechowych\u201d to pierwszy w Polsce program dedykowany osobom zarz\u0105dzaj\u0105cym cechami, izbami rzemie\u015blniczymi i przedsi\u0119biorstwami rodzinnymi. Kierunek \u0142\u0105czy tradycj\u0119 z nowoczesnym podej\u015bciem do zarz\u0105dzania, marketingu i [&hellip;]","og_url":"https:\/\/muns.edu.pl\/en\/studia\/studia-podyplomowe\/lider-rzemiosla-zarzadzanie-i-rozwoj-organizacji-cechowych\/","og_site_name":"Mi\u0119dzynarodowa Uczelnia Nauk Spo\u0142ecznych, Medycznych i Prawnych","article_modified_time":"2025-10-21T14:15:30+00:00","twitter_card":"summary_large_image","twitter_misc":{"Estimated reading time":"1 minute"},"schema":{"@context":"https:\/\/schema.org","@graph":[{"@type":"WebPage","@id":"https:\/\/muns.edu.pl\/studia\/studia-podyplomowe\/lider-rzemiosla-zarzadzanie-i-rozwoj-organizacji-cechowych\/","url":"https:\/\/muns.edu.pl\/studia\/studia-podyplomowe\/lider-rzemiosla-zarzadzanie-i-rozwoj-organizacji-cechowych\/","name":"Lider Rzemios\u0142a \u2013 Zarz\u0105dzanie i Rozw\u00f3j Organizacji Cechowych - Mi\u0119dzynarodowa Uczelnia Nauk Spo\u0142ecznych, Medycznych i Prawnych","isPartOf":{"@id":"http:\/\/muns.edu.pl\/#website"},"datePublished":"2025-10-21T14:12:01+00:00","dateModified":"2025-10-21T14:15:30+00:00","breadcrumb":{"@id":"https:\/\/muns.edu.pl\/studia\/studia-podyplomowe\/lider-rzemiosla-zarzadzanie-i-rozwoj-organizacji-cechowych\/#breadcrumb"},"inLanguage":"en-GB","potentialAction":[{"@type":"ReadAction","target":["https:\/\/muns.edu.pl\/studia\/studia-podyplomowe\/lider-rzemiosla-zarzadzanie-i-rozwoj-organizacji-cechowych\/"]}]},{"@type":"BreadcrumbList","@id":"https:\/\/muns.edu.pl\/studia\/studia-podyplomowe\/lider-rzemiosla-zarzadzanie-i-rozwoj-organizacji-cechowych\/#breadcrumb","itemListElement":[{"@type":"ListItem","position":1,"name":"Strona g\u0142\u00f3wna","item":"http:\/\/muns.edu.pl\/"},{"@type":"ListItem","position":2,"name":"Oferta edukacyjna","item":"https:\/\/muns.edu.pl\/studia\/"},{"@type":"ListItem","position":3,"name":"Studia podyplomowe","item":"https:\/\/muns.edu.pl\/studia\/studia-podyplomowe\/"},{"@type":"ListItem","position":4,"name":"Lider Rzemios\u0142a \u2013 Zarz\u0105dzanie i Rozw\u00f3j Organizacji Cechowych"}]},{"@type":"WebSite","@id":"http:\/\/muns.edu.pl\/#website","url":"http:\/\/muns.edu.pl\/","name":"International University of Social Sciences, Medicine and Law","description":"International University of Social Sciences, Medicine and Law","publisher":{"@id":"http:\/\/muns.edu.pl\/#organization"},"potentialAction":[{"@type":"SearchAction","target":{"@type":"EntryPoint","urlTemplate":"http:\/\/muns.edu.pl\/?s={search_term_string}"},"query-input":{"@type":"PropertyValueSpecification","valueRequired":true,"valueName":"search_term_string"}}],"inLanguage":"en-GB"},{"@type":"Organization","@id":"http:\/\/muns.edu.pl\/#organization","name":"International University of Social Sciences, Medicine and Law","url":"http:\/\/muns.edu.pl\/","logo":{"@type":"ImageObject","inLanguage":"en-GB","@id":"http:\/\/muns.edu.pl\/#\/schema\/logo\/image\/","url":"http:\/\/muns.edu.pl\/wp-content\/uploads\/2025\/09\/MUNS_logo_concept-512-x-512-px-2.png","contentUrl":"http:\/\/muns.edu.pl\/wp-content\/uploads\/2025\/09\/MUNS_logo_concept-512-x-512-px-2.png","width":512,"height":512,"caption":"Mi\u0119dzynarodowa Uczelnia Nauk Spo\u0142ecznych, Medycznych i Prawnych"},"image":{"@id":"http:\/\/muns.edu.pl\/#\/schema\/logo\/image\/"}}]}},"jetpack_sharing_enabled":true,"_links":{"self":[{"href":"http:\/\/muns.edu.pl\/en\/wp-json\/wp\/v2\/pages\/1737","targetHints":{"allow":["GET"]}}],"collection":[{"href":"http:\/\/muns.edu.pl\/en\/wp-json\/wp\/v2\/pages"}],"about":[{"href":"http:\/\/muns.edu.pl\/en\/wp-json\/wp\/v2\/types\/page"}],"author":[{"embeddable":true,"href":"http:\/\/muns.edu.pl\/en\/wp-json\/wp\/v2\/users\/2"}],"replies":[{"embeddable":true,"href":"http:\/\/muns.edu.pl\/en\/wp-json\/wp\/v2\/comments?post=1737"}],"version-history":[{"count":4,"href":"http:\/\/muns.edu.pl\/en\/wp-json\/wp\/v2\/pages\/1737\/revisions"}],"predecessor-version":[{"id":1751,"href":"http:\/\/muns.edu.pl\/en\/wp-json\/wp\/v2\/pages\/1737\/revisions\/1751"}],"up":[{"embeddable":true,"href":"http:\/\/muns.edu.pl\/en\/wp-json\/wp\/v2\/pages\/29"}],"wp:attachment":[{"href":"http:\/\/muns.edu.pl\/en\/wp-json\/wp\/v2\/media?parent=1737"}],"curies":[{"name":"wp","href":"https:\/\/api.w.org\/{rel}","templated":true}]}}