{"id":1735,"date":"2025-10-21T16:06:58","date_gmt":"2025-10-21T14:06:58","guid":{"rendered":"https:\/\/muns.edu.pl\/?page_id=1735"},"modified":"2025-12-03T19:07:55","modified_gmt":"2025-12-03T18:07:55","slug":"lider-samorzadu-przyszlosci-innowacje-fundusze-smart-city","status":"publish","type":"page","link":"http:\/\/muns.edu.pl\/en\/studia\/studia-podyplomowe\/lider-samorzadu-przyszlosci-innowacje-fundusze-smart-city\/","title":{"rendered":"Lider Samorz\u0105du Przysz\u0142o\u015bci \u2013 Innowacje, Fundusze, Smart City"},"content":{"rendered":"<div data-elementor-type=\"wp-page\" data-elementor-id=\"1735\" class=\"elementor elementor-1735\">\n\t\t\t\t<div class=\"elementor-element elementor-element-f1c35c2 e-flex e-con-boxed e-con e-parent\" data-id=\"f1c35c2\" data-element_type=\"container\" data-e-type=\"container\">\n\t\t\t\t\t<div class=\"e-con-inner\">\n\t\t\t\t<div class=\"elementor-element elementor-element-cfd9fec elementor-widget elementor-widget-eael-breadcrumbs\" data-id=\"cfd9fec\" data-element_type=\"widget\" data-e-type=\"widget\" data-widget_type=\"eael-breadcrumbs.default\">\n\t\t\t\t<div class=\"elementor-widget-container\">\n\t\t\t\t\t\t\t<div class=\"eael-breadcrumbs\">\n\t\t\t<div class=\"eael-breadcrumbs__content\"><a href=\"http:\/\/muns.edu.pl\/en\">Home<\/a> <span class=\"eael-breadcrumb-separator\">\/<\/span> <span class = \"eael-current\">Page<\/span><\/div>\t\t<\/div>\n\t\t\t\t\t\t<\/div>\n\t\t\t\t<\/div>\n\t\t\t\t\t<\/div>\n\t\t\t\t<\/div>\n\t\t<div class=\"elementor-element elementor-element-154e6ef e-flex e-con-boxed e-con e-parent\" data-id=\"154e6ef\" data-element_type=\"container\" data-e-type=\"container\" data-settings=\"{&quot;background_background&quot;:&quot;classic&quot;}\">\n\t\t\t\t\t<div class=\"e-con-inner\">\n\t\t\t\t<div class=\"elementor-element elementor-element-63fe9d4 elementor-widget elementor-widget-heading\" data-id=\"63fe9d4\" data-element_type=\"widget\" data-e-type=\"widget\" data-widget_type=\"heading.default\">\n\t\t\t\t\t<h1 class=\"elementor-heading-title elementor-size-default\">Lider Samorz\u0105du Przysz\u0142o\u015bci \u2013 Innowacje, Fundusze, Smart City<\/h1>\t\t\t\t<\/div>\n\t\t\t\t\t<\/div>\n\t\t\t\t<\/div>\n\t\t<div class=\"elementor-element elementor-element-8ba7c22 e-flex e-con-boxed e-con e-parent\" data-id=\"8ba7c22\" data-element_type=\"container\" data-e-type=\"container\" data-settings=\"{&quot;background_background&quot;:&quot;classic&quot;}\">\n\t\t\t\t\t<div class=\"e-con-inner\">\n\t\t\t\t<div class=\"elementor-element elementor-element-760b7db elementor-widget elementor-widget-heading\" data-id=\"760b7db\" data-element_type=\"widget\" data-e-type=\"widget\" data-widget_type=\"heading.default\">\n\t\t\t\t\t<h2 class=\"elementor-heading-title elementor-size-default\">Rekrutacja wkr\u00f3tce!<\/h2>\t\t\t\t<\/div>\n\t\t\t\t\t<\/div>\n\t\t\t\t<\/div>\n\t\t<div class=\"elementor-element elementor-element-b056c9c e-flex e-con-boxed e-con e-parent\" data-id=\"b056c9c\" data-element_type=\"container\" data-e-type=\"container\">\n\t\t\t\t\t<div class=\"e-con-inner\">\n\t\t<div class=\"elementor-element elementor-element-2797b06 e-con-full e-flex e-con e-child\" data-id=\"2797b06\" data-element_type=\"container\" data-e-type=\"container\">\n\t\t\t\t<div class=\"elementor-element elementor-element-8bc3866 elementor-widget elementor-widget-heading\" data-id=\"8bc3866\" data-element_type=\"widget\" data-e-type=\"widget\" data-widget_type=\"heading.default\">\n\t\t\t\t\t<h2 class=\"elementor-heading-title elementor-size-default\">Lider Samorz\u0105du Przysz\u0142o\u015bci \u2013 Innowacje, Fundusze, Smart City<\/h2>\t\t\t\t<\/div>\n\t\t\t\t<div class=\"elementor-element elementor-element-1e90a8d elementor-widget elementor-widget-text-editor\" data-id=\"1e90a8d\" data-element_type=\"widget\" data-e-type=\"widget\" data-widget_type=\"text-editor.default\">\n\t\t\t\t\t\t\t\t\t<p class=\"p1\">Studia podyplomowe \u201eLider Samorz\u0105du Przysz\u0142o\u015bci \u2013 Innowacje, Fundusze, Smart City\u201d to pierwszy w Polsce program przygotowany specjalnie dla os\u00f3b zarz\u0105dzaj\u0105cych gminami, miastami i regionami w dobie dynamicznych zmian technologicznych i spo\u0142ecznych.<\/p><p class=\"p1\">Uczestnicy poznaj\u0105 najnowsze rozwi\u0105zania w zakresie cyfryzacji administracji, inteligentnych miast (Smart City), zielonej transformacji, a tak\u017ce skutecznego pozyskiwania i rozliczania funduszy europejskich. Program obejmuje r\u00f3wnie\u017c zarz\u0105dzanie kryzysowe, wsp\u00f3\u0142prac\u0119 z biznesem i partnerstwami publiczno-prywatnymi oraz komunikacj\u0119 spo\u0142eczn\u0105 i budowanie wizerunku lidera samorz\u0105dowego.<\/p><p class=\"p1\">Dzi\u0119ki zaj\u0119ciom prowadzonym przez praktyk\u00f3w \u2013 ekspert\u00f3w w dziedzinie prawa, finans\u00f3w, technologii i zarz\u0105dzania publicznego \u2013 absolwenci zdob\u0119d\u0105 unikalne kompetencje, kt\u00f3re pozwol\u0105 im skutecznie wdra\u017ca\u0107 innowacje, rozwija\u0107 lokalne spo\u0142eczno\u015bci i odpowiada\u0107 na wyzwania przysz\u0142o\u015bci. To kierunek dla ambitnych samorz\u0105dowc\u00f3w i mened\u017cer\u00f3w publicznych, kt\u00f3rzy chc\u0105 by\u0107 architektami nowoczesnych, inteligentnych i zr\u00f3wnowa\u017conych miast oraz region\u00f3w.<\/p>\t\t\t\t\t\t\t\t<\/div>\n\t\t\t\t<\/div>\n\t\t<div class=\"elementor-element elementor-element-8d65d27 e-con-full e-flex e-con e-child\" data-id=\"8d65d27\" data-element_type=\"container\" data-e-type=\"container\">\n\t\t\t\t<div class=\"elementor-element elementor-element-0146246 elementor-widget elementor-widget-image\" data-id=\"0146246\" data-element_type=\"widget\" data-e-type=\"widget\" data-widget_type=\"image.default\">\n\t\t\t\t\t\t\t\t\t\t\t\t\t\t\t<img decoding=\"async\" width=\"248\" height=\"141\" src=\"http:\/\/muns.edu.pl\/wp-content\/uploads\/2025\/11\/zsp.png\" class=\"attachment-large size-large wp-image-2035\" alt=\"\" \/>\t\t\t\t\t\t\t\t\t\t\t\t\t\t\t<\/div>\n\t\t\t\t<\/div>\n\t\t\t\t\t<\/div>\n\t\t\t\t<\/div>\n\t\t\t\t<\/div>","protected":false},"excerpt":{"rendered":"<p>Home \/ Strona Lider Samorz\u0105du Przysz\u0142o\u015bci \u2013 Innowacje, Fundusze, Smart City Rekrutacja wkr\u00f3tce! Lider Samorz\u0105du Przysz\u0142o\u015bci \u2013 Innowacje, Fundusze, Smart City Studia podyplomowe \u201eLider Samorz\u0105du Przysz\u0142o\u015bci \u2013 Innowacje, Fundusze, Smart City\u201d to pierwszy w Polsce program przygotowany specjalnie dla os\u00f3b zarz\u0105dzaj\u0105cych gminami, miastami i regionami w dobie dynamicznych zmian technologicznych i spo\u0142ecznych. Uczestnicy poznaj\u0105 najnowsze [&hellip;]<\/p>","protected":false},"author":2,"featured_media":0,"parent":29,"menu_order":0,"comment_status":"closed","ping_status":"closed","template":"","meta":{"_acf_changed":false,"_eb_attr":"","footnotes":""},"class_list":["post-1735","page","type-page","status-publish","hentry"],"blocksy_meta":[],"acf":[],"yoast_head":"<!-- This site is optimized with the Yoast SEO plugin v26.4 - https:\/\/yoast.com\/wordpress\/plugins\/seo\/ -->\n<title>Lider Samorz\u0105du Przysz\u0142o\u015bci \u2013 Innowacje, Fundusze, Smart City - Mi\u0119dzynarodowa Uczelnia Nauk Spo\u0142ecznych, Medycznych i Prawnych<\/title>\n<meta name=\"robots\" content=\"index, follow, max-snippet:-1, max-image-preview:large, max-video-preview:-1\" \/>\n<link rel=\"canonical\" href=\"https:\/\/muns.edu.pl\/en\/studia\/studia-podyplomowe\/lider-samorzadu-przyszlosci-innowacje-fundusze-smart-city\/\" \/>\n<meta property=\"og:locale\" content=\"en_GB\" \/>\n<meta property=\"og:type\" content=\"article\" \/>\n<meta property=\"og:title\" content=\"Lider Samorz\u0105du Przysz\u0142o\u015bci \u2013 Innowacje, Fundusze, Smart City - Mi\u0119dzynarodowa Uczelnia Nauk Spo\u0142ecznych, Medycznych i Prawnych\" \/>\n<meta property=\"og:description\" content=\"Home \/ Strona Lider Samorz\u0105du Przysz\u0142o\u015bci \u2013 Innowacje, Fundusze, Smart City Rekrutacja wkr\u00f3tce! Lider Samorz\u0105du Przysz\u0142o\u015bci \u2013 Innowacje, Fundusze, Smart City Studia podyplomowe \u201eLider Samorz\u0105du Przysz\u0142o\u015bci \u2013 Innowacje, Fundusze, Smart City\u201d to pierwszy w Polsce program przygotowany specjalnie dla os\u00f3b zarz\u0105dzaj\u0105cych gminami, miastami i regionami w dobie dynamicznych zmian technologicznych i spo\u0142ecznych. Uczestnicy poznaj\u0105 najnowsze [&hellip;]\" \/>\n<meta property=\"og:url\" content=\"https:\/\/muns.edu.pl\/en\/studia\/studia-podyplomowe\/lider-samorzadu-przyszlosci-innowacje-fundusze-smart-city\/\" \/>\n<meta property=\"og:site_name\" content=\"Mi\u0119dzynarodowa Uczelnia Nauk Spo\u0142ecznych, Medycznych i Prawnych\" \/>\n<meta property=\"article:modified_time\" content=\"2025-12-03T18:07:55+00:00\" \/>\n<meta property=\"og:image\" content=\"http:\/\/muns.edu.pl\/wp-content\/uploads\/2025\/11\/zsp.png\" \/>\n<meta name=\"twitter:card\" content=\"summary_large_image\" \/>\n<meta name=\"twitter:label1\" content=\"Estimated reading time\" \/>\n\t<meta name=\"twitter:data1\" content=\"1 minute\" \/>\n<script type=\"application\/ld+json\" class=\"yoast-schema-graph\">{\"@context\":\"https:\/\/schema.org\",\"@graph\":[{\"@type\":\"WebPage\",\"@id\":\"https:\/\/muns.edu.pl\/studia\/studia-podyplomowe\/lider-samorzadu-przyszlosci-innowacje-fundusze-smart-city\/\",\"url\":\"https:\/\/muns.edu.pl\/studia\/studia-podyplomowe\/lider-samorzadu-przyszlosci-innowacje-fundusze-smart-city\/\",\"name\":\"Lider Samorz\u0105du Przysz\u0142o\u015bci \u2013 Innowacje, Fundusze, Smart City - Mi\u0119dzynarodowa Uczelnia Nauk Spo\u0142ecznych, Medycznych i Prawnych\",\"isPartOf\":{\"@id\":\"http:\/\/muns.edu.pl\/#website\"},\"primaryImageOfPage\":{\"@id\":\"https:\/\/muns.edu.pl\/studia\/studia-podyplomowe\/lider-samorzadu-przyszlosci-innowacje-fundusze-smart-city\/#primaryimage\"},\"image\":{\"@id\":\"https:\/\/muns.edu.pl\/studia\/studia-podyplomowe\/lider-samorzadu-przyszlosci-innowacje-fundusze-smart-city\/#primaryimage\"},\"thumbnailUrl\":\"http:\/\/muns.edu.pl\/wp-content\/uploads\/2025\/11\/zsp.png\",\"datePublished\":\"2025-10-21T14:06:58+00:00\",\"dateModified\":\"2025-12-03T18:07:55+00:00\",\"breadcrumb\":{\"@id\":\"https:\/\/muns.edu.pl\/studia\/studia-podyplomowe\/lider-samorzadu-przyszlosci-innowacje-fundusze-smart-city\/#breadcrumb\"},\"inLanguage\":\"en-GB\",\"potentialAction\":[{\"@type\":\"ReadAction\",\"target\":[\"https:\/\/muns.edu.pl\/studia\/studia-podyplomowe\/lider-samorzadu-przyszlosci-innowacje-fundusze-smart-city\/\"]}]},{\"@type\":\"ImageObject\",\"inLanguage\":\"en-GB\",\"@id\":\"https:\/\/muns.edu.pl\/studia\/studia-podyplomowe\/lider-samorzadu-przyszlosci-innowacje-fundusze-smart-city\/#primaryimage\",\"url\":\"http:\/\/muns.edu.pl\/wp-content\/uploads\/2025\/11\/zsp.png\",\"contentUrl\":\"http:\/\/muns.edu.pl\/wp-content\/uploads\/2025\/11\/zsp.png\"},{\"@type\":\"BreadcrumbList\",\"@id\":\"https:\/\/muns.edu.pl\/studia\/studia-podyplomowe\/lider-samorzadu-przyszlosci-innowacje-fundusze-smart-city\/#breadcrumb\",\"itemListElement\":[{\"@type\":\"ListItem\",\"position\":1,\"name\":\"Strona g\u0142\u00f3wna\",\"item\":\"http:\/\/muns.edu.pl\/\"},{\"@type\":\"ListItem\",\"position\":2,\"name\":\"Oferta edukacyjna\",\"item\":\"https:\/\/muns.edu.pl\/studia\/\"},{\"@type\":\"ListItem\",\"position\":3,\"name\":\"Studia podyplomowe\",\"item\":\"https:\/\/muns.edu.pl\/studia\/studia-podyplomowe\/\"},{\"@type\":\"ListItem\",\"position\":4,\"name\":\"Lider Samorz\u0105du Przysz\u0142o\u015bci \u2013 Innowacje, Fundusze, Smart City\"}]},{\"@type\":\"WebSite\",\"@id\":\"http:\/\/muns.edu.pl\/#website\",\"url\":\"http:\/\/muns.edu.pl\/\",\"name\":\"Mi\u0119dzynarodowa Uczelnia Nauk Spo\u0142ecznych, Medycznych i Prawnych\",\"description\":\"Mi\u0119dzynarodowa Uczelnia Nauk Spo\u0142ecznych, Medycznych i Prawnych\",\"publisher\":{\"@id\":\"http:\/\/muns.edu.pl\/#organization\"},\"potentialAction\":[{\"@type\":\"SearchAction\",\"target\":{\"@type\":\"EntryPoint\",\"urlTemplate\":\"http:\/\/muns.edu.pl\/?s={search_term_string}\"},\"query-input\":{\"@type\":\"PropertyValueSpecification\",\"valueRequired\":true,\"valueName\":\"search_term_string\"}}],\"inLanguage\":\"en-GB\"},{\"@type\":\"Organization\",\"@id\":\"http:\/\/muns.edu.pl\/#organization\",\"name\":\"Mi\u0119dzynarodowa Uczelnia Nauk Spo\u0142ecznych, Medycznych i Prawnych\",\"url\":\"http:\/\/muns.edu.pl\/\",\"logo\":{\"@type\":\"ImageObject\",\"inLanguage\":\"en-GB\",\"@id\":\"http:\/\/muns.edu.pl\/#\/schema\/logo\/image\/\",\"url\":\"http:\/\/muns.edu.pl\/wp-content\/uploads\/2025\/09\/MUNS_logo_concept-512-x-512-px-2.png\",\"contentUrl\":\"http:\/\/muns.edu.pl\/wp-content\/uploads\/2025\/09\/MUNS_logo_concept-512-x-512-px-2.png\",\"width\":512,\"height\":512,\"caption\":\"Mi\u0119dzynarodowa Uczelnia Nauk Spo\u0142ecznych, Medycznych i Prawnych\"},\"image\":{\"@id\":\"http:\/\/muns.edu.pl\/#\/schema\/logo\/image\/\"}}]}<\/script>\n<!-- \/ Yoast SEO plugin. -->","yoast_head_json":{"title":"Lider Samorz\u0105du Przysz\u0142o\u015bci \u2013 Innowacje, Fundusze, Smart City - Mi\u0119dzynarodowa Uczelnia Nauk Spo\u0142ecznych, Medycznych i Prawnych","robots":{"index":"index","follow":"follow","max-snippet":"max-snippet:-1","max-image-preview":"max-image-preview:large","max-video-preview":"max-video-preview:-1"},"canonical":"https:\/\/muns.edu.pl\/en\/studia\/studia-podyplomowe\/lider-samorzadu-przyszlosci-innowacje-fundusze-smart-city\/","og_locale":"en_GB","og_type":"article","og_title":"Lider Samorz\u0105du Przysz\u0142o\u015bci \u2013 Innowacje, Fundusze, Smart City - Mi\u0119dzynarodowa Uczelnia Nauk Spo\u0142ecznych, Medycznych i Prawnych","og_description":"Home \/ Strona Lider Samorz\u0105du Przysz\u0142o\u015bci \u2013 Innowacje, Fundusze, Smart City Rekrutacja wkr\u00f3tce! Lider Samorz\u0105du Przysz\u0142o\u015bci \u2013 Innowacje, Fundusze, Smart City Studia podyplomowe \u201eLider Samorz\u0105du Przysz\u0142o\u015bci \u2013 Innowacje, Fundusze, Smart City\u201d to pierwszy w Polsce program przygotowany specjalnie dla os\u00f3b zarz\u0105dzaj\u0105cych gminami, miastami i regionami w dobie dynamicznych zmian technologicznych i spo\u0142ecznych. Uczestnicy poznaj\u0105 najnowsze [&hellip;]","og_url":"https:\/\/muns.edu.pl\/en\/studia\/studia-podyplomowe\/lider-samorzadu-przyszlosci-innowacje-fundusze-smart-city\/","og_site_name":"Mi\u0119dzynarodowa Uczelnia Nauk Spo\u0142ecznych, Medycznych i Prawnych","article_modified_time":"2025-12-03T18:07:55+00:00","og_image":[{"url":"http:\/\/muns.edu.pl\/wp-content\/uploads\/2025\/11\/zsp.png","type":"","width":"","height":""}],"twitter_card":"summary_large_image","twitter_misc":{"Estimated reading time":"1 minute"},"schema":{"@context":"https:\/\/schema.org","@graph":[{"@type":"WebPage","@id":"https:\/\/muns.edu.pl\/studia\/studia-podyplomowe\/lider-samorzadu-przyszlosci-innowacje-fundusze-smart-city\/","url":"https:\/\/muns.edu.pl\/studia\/studia-podyplomowe\/lider-samorzadu-przyszlosci-innowacje-fundusze-smart-city\/","name":"Lider Samorz\u0105du Przysz\u0142o\u015bci \u2013 Innowacje, Fundusze, Smart City - Mi\u0119dzynarodowa Uczelnia Nauk Spo\u0142ecznych, Medycznych i Prawnych","isPartOf":{"@id":"http:\/\/muns.edu.pl\/#website"},"primaryImageOfPage":{"@id":"https:\/\/muns.edu.pl\/studia\/studia-podyplomowe\/lider-samorzadu-przyszlosci-innowacje-fundusze-smart-city\/#primaryimage"},"image":{"@id":"https:\/\/muns.edu.pl\/studia\/studia-podyplomowe\/lider-samorzadu-przyszlosci-innowacje-fundusze-smart-city\/#primaryimage"},"thumbnailUrl":"http:\/\/muns.edu.pl\/wp-content\/uploads\/2025\/11\/zsp.png","datePublished":"2025-10-21T14:06:58+00:00","dateModified":"2025-12-03T18:07:55+00:00","breadcrumb":{"@id":"https:\/\/muns.edu.pl\/studia\/studia-podyplomowe\/lider-samorzadu-przyszlosci-innowacje-fundusze-smart-city\/#breadcrumb"},"inLanguage":"en-GB","potentialAction":[{"@type":"ReadAction","target":["https:\/\/muns.edu.pl\/studia\/studia-podyplomowe\/lider-samorzadu-przyszlosci-innowacje-fundusze-smart-city\/"]}]},{"@type":"ImageObject","inLanguage":"en-GB","@id":"https:\/\/muns.edu.pl\/studia\/studia-podyplomowe\/lider-samorzadu-przyszlosci-innowacje-fundusze-smart-city\/#primaryimage","url":"http:\/\/muns.edu.pl\/wp-content\/uploads\/2025\/11\/zsp.png","contentUrl":"http:\/\/muns.edu.pl\/wp-content\/uploads\/2025\/11\/zsp.png"},{"@type":"BreadcrumbList","@id":"https:\/\/muns.edu.pl\/studia\/studia-podyplomowe\/lider-samorzadu-przyszlosci-innowacje-fundusze-smart-city\/#breadcrumb","itemListElement":[{"@type":"ListItem","position":1,"name":"Strona g\u0142\u00f3wna","item":"http:\/\/muns.edu.pl\/"},{"@type":"ListItem","position":2,"name":"Oferta edukacyjna","item":"https:\/\/muns.edu.pl\/studia\/"},{"@type":"ListItem","position":3,"name":"Studia podyplomowe","item":"https:\/\/muns.edu.pl\/studia\/studia-podyplomowe\/"},{"@type":"ListItem","position":4,"name":"Lider Samorz\u0105du Przysz\u0142o\u015bci \u2013 Innowacje, Fundusze, Smart City"}]},{"@type":"WebSite","@id":"http:\/\/muns.edu.pl\/#website","url":"http:\/\/muns.edu.pl\/","name":"International University of Social Sciences, Medicine and Law","description":"International University of Social Sciences, Medicine and Law","publisher":{"@id":"http:\/\/muns.edu.pl\/#organization"},"potentialAction":[{"@type":"SearchAction","target":{"@type":"EntryPoint","urlTemplate":"http:\/\/muns.edu.pl\/?s={search_term_string}"},"query-input":{"@type":"PropertyValueSpecification","valueRequired":true,"valueName":"search_term_string"}}],"inLanguage":"en-GB"},{"@type":"Organization","@id":"http:\/\/muns.edu.pl\/#organization","name":"International University of Social Sciences, Medicine and Law","url":"http:\/\/muns.edu.pl\/","logo":{"@type":"ImageObject","inLanguage":"en-GB","@id":"http:\/\/muns.edu.pl\/#\/schema\/logo\/image\/","url":"http:\/\/muns.edu.pl\/wp-content\/uploads\/2025\/09\/MUNS_logo_concept-512-x-512-px-2.png","contentUrl":"http:\/\/muns.edu.pl\/wp-content\/uploads\/2025\/09\/MUNS_logo_concept-512-x-512-px-2.png","width":512,"height":512,"caption":"Mi\u0119dzynarodowa Uczelnia Nauk Spo\u0142ecznych, Medycznych i Prawnych"},"image":{"@id":"http:\/\/muns.edu.pl\/#\/schema\/logo\/image\/"}}]}},"jetpack_sharing_enabled":true,"_links":{"self":[{"href":"http:\/\/muns.edu.pl\/en\/wp-json\/wp\/v2\/pages\/1735","targetHints":{"allow":["GET"]}}],"collection":[{"href":"http:\/\/muns.edu.pl\/en\/wp-json\/wp\/v2\/pages"}],"about":[{"href":"http:\/\/muns.edu.pl\/en\/wp-json\/wp\/v2\/types\/page"}],"author":[{"embeddable":true,"href":"http:\/\/muns.edu.pl\/en\/wp-json\/wp\/v2\/users\/2"}],"replies":[{"embeddable":true,"href":"http:\/\/muns.edu.pl\/en\/wp-json\/wp\/v2\/comments?post=1735"}],"version-history":[{"count":7,"href":"http:\/\/muns.edu.pl\/en\/wp-json\/wp\/v2\/pages\/1735\/revisions"}],"predecessor-version":[{"id":2171,"href":"http:\/\/muns.edu.pl\/en\/wp-json\/wp\/v2\/pages\/1735\/revisions\/2171"}],"up":[{"embeddable":true,"href":"http:\/\/muns.edu.pl\/en\/wp-json\/wp\/v2\/pages\/29"}],"wp:attachment":[{"href":"http:\/\/muns.edu.pl\/en\/wp-json\/wp\/v2\/media?parent=1735"}],"curies":[{"name":"wp","href":"https:\/\/api.w.org\/{rel}","templated":true}]}}