{"id":1623,"date":"2025-10-21T14:56:53","date_gmt":"2025-10-21T12:56:53","guid":{"rendered":"https:\/\/muns.edu.pl\/?page_id=1623"},"modified":"2025-10-21T15:05:41","modified_gmt":"2025-10-21T13:05:41","slug":"mba-in-pharma-business-law","status":"publish","type":"page","link":"http:\/\/muns.edu.pl\/en\/studia\/studia-podyplomowe\/mba-in-pharma-business-law\/","title":{"rendered":"MBA in Pharma Business &#038; Law"},"content":{"rendered":"<div data-elementor-type=\"wp-page\" data-elementor-id=\"1623\" class=\"elementor elementor-1623\">\n\t\t\t\t<div class=\"elementor-element elementor-element-f1c35c2 e-flex e-con-boxed e-con e-parent\" data-id=\"f1c35c2\" data-element_type=\"container\" data-e-type=\"container\">\n\t\t\t\t\t<div class=\"e-con-inner\">\n\t\t\t\t<div class=\"elementor-element elementor-element-cfd9fec elementor-widget elementor-widget-eael-breadcrumbs\" data-id=\"cfd9fec\" data-element_type=\"widget\" data-e-type=\"widget\" data-widget_type=\"eael-breadcrumbs.default\">\n\t\t\t\t<div class=\"elementor-widget-container\">\n\t\t\t\t\t\t\t<div class=\"eael-breadcrumbs\">\n\t\t\t<div class=\"eael-breadcrumbs__content\"><a href=\"http:\/\/muns.edu.pl\/en\">Home<\/a> <span class=\"eael-breadcrumb-separator\">\/<\/span> <span class = \"eael-current\">Page<\/span><\/div>\t\t<\/div>\n\t\t\t\t\t\t<\/div>\n\t\t\t\t<\/div>\n\t\t\t\t\t<\/div>\n\t\t\t\t<\/div>\n\t\t<div class=\"elementor-element elementor-element-154e6ef e-flex e-con-boxed e-con e-parent\" data-id=\"154e6ef\" data-element_type=\"container\" data-e-type=\"container\" data-settings=\"{&quot;background_background&quot;:&quot;classic&quot;}\">\n\t\t\t\t\t<div class=\"e-con-inner\">\n\t\t\t\t<div class=\"elementor-element elementor-element-63fe9d4 elementor-widget elementor-widget-heading\" data-id=\"63fe9d4\" data-element_type=\"widget\" data-e-type=\"widget\" data-widget_type=\"heading.default\">\n\t\t\t\t\t<h1 class=\"elementor-heading-title elementor-size-default\">MBA in Pharma Business &amp; Law<\/h1>\t\t\t\t<\/div>\n\t\t\t\t\t<\/div>\n\t\t\t\t<\/div>\n\t\t<div class=\"elementor-element elementor-element-8ba7c22 e-flex e-con-boxed e-con e-parent\" data-id=\"8ba7c22\" data-element_type=\"container\" data-e-type=\"container\" data-settings=\"{&quot;background_background&quot;:&quot;classic&quot;}\">\n\t\t\t\t\t<div class=\"e-con-inner\">\n\t\t\t\t<div class=\"elementor-element elementor-element-760b7db elementor-widget elementor-widget-heading\" data-id=\"760b7db\" data-element_type=\"widget\" data-e-type=\"widget\" data-widget_type=\"heading.default\">\n\t\t\t\t\t<h2 class=\"elementor-heading-title elementor-size-default\">Rekrutacja wkr\u00f3tce!<\/h2>\t\t\t\t<\/div>\n\t\t\t\t\t<\/div>\n\t\t\t\t<\/div>\n\t\t<div class=\"elementor-element elementor-element-b056c9c e-flex e-con-boxed e-con e-parent\" data-id=\"b056c9c\" data-element_type=\"container\" data-e-type=\"container\">\n\t\t\t\t\t<div class=\"e-con-inner\">\n\t\t<div class=\"elementor-element elementor-element-2797b06 e-con-full e-flex e-con e-child\" data-id=\"2797b06\" data-element_type=\"container\" data-e-type=\"container\">\n\t\t\t\t<div class=\"elementor-element elementor-element-8bc3866 elementor-widget elementor-widget-heading\" data-id=\"8bc3866\" data-element_type=\"widget\" data-e-type=\"widget\" data-widget_type=\"heading.default\">\n\t\t\t\t\t<h2 class=\"elementor-heading-title elementor-size-default\">MBA in Pharma Business &amp; Law<\/h2>\t\t\t\t<\/div>\n\t\t\t\t<div class=\"elementor-element elementor-element-1e90a8d elementor-widget elementor-widget-text-editor\" data-id=\"1e90a8d\" data-element_type=\"widget\" data-e-type=\"widget\" data-widget_type=\"text-editor.default\">\n\t\t\t\t\t\t\t\t\t<p class=\"p1\">Program \u201eMBA in Pharma Business &amp; Law\u201d to presti\u017cowe studia podyplomowe stworzone z my\u015bl\u0105 o mened\u017cerach, prawnikach i specjalistach dzia\u0142aj\u0105cych w dynamicznie rozwijaj\u0105cym si\u0119 sektorze farmaceutycznym i biotechnologicznym. Kierunek \u0142\u0105czy wiedz\u0119 mened\u017cersk\u0105 i prawn\u0105 z praktycznymi aspektami funkcjonowania rynku lek\u00f3w, suplement\u00f3w i innowacyjnych technologii medycznych.<\/p><p class=\"p1\">Uczestnicy poznaj\u0105 regulacje krajowe i mi\u0119dzynarodowe dotycz\u0105ce rejestracji i dystrybucji produkt\u00f3w leczniczych, zasady refundacji i ochrony patentowej, a tak\u017ce strategie biznesowe i marketingowe w bran\u017cy farmaceutycznej. Program k\u0142adzie nacisk na realne case studies, prawo farmaceutyczne w uj\u0119ciu europejskim i ameryka\u0144skim (EMA, FDA) oraz umiej\u0119tno\u015bci zarz\u0105dzania firm\u0105 w warunkach silnych regulacji i konkurencji globalnej.<\/p><p class=\"p1\">Studia realizowane s\u0105 na <b>innowacyjnej platformie e-lea University<\/b>, co zapewnia nowoczesn\u0105 form\u0119 kszta\u0142cenia i dost\u0119p do programu niezale\u017cnie od miejsca zamieszkania. Dzi\u0119ki mi\u0119dzynarodowemu charakterowi oraz prowadzeniu zaj\u0119\u0107 w kilku j\u0119zykach, uczestnicy stan\u0105 si\u0119 cz\u0119\u015bci\u0105 globalnej spo\u0142eczno\u015bci lider\u00f3w bran\u017cy farmaceutycznej.<\/p><p class=\"p1\">To pierwsze w Polsce MBA kompleksowo obejmuj\u0105ce <b>biznes, prawo i regulacje w farmacji<\/b>, przygotowuj\u0105ce absolwent\u00f3w do pe\u0142nienia r\u00f3l lider\u00f3w, doradc\u00f3w i mened\u017cer\u00f3w wy\u017cszego szczebla w jednej z najbardziej innowacyjnych i presti\u017cowych bran\u017c gospodarki.<\/p>\t\t\t\t\t\t\t\t<\/div>\n\t\t\t\t<\/div>\n\t\t<div class=\"elementor-element elementor-element-8d65d27 e-con-full e-flex e-con e-child\" data-id=\"8d65d27\" data-element_type=\"container\" data-e-type=\"container\">\n\t\t\t\t<div class=\"elementor-element elementor-element-0146246 elementor-widget elementor-widget-image\" data-id=\"0146246\" data-element_type=\"widget\" data-e-type=\"widget\" data-widget_type=\"image.default\">\n\t\t\t\t\t\t\t\t\t\t\t\t\t\t\t<img fetchpriority=\"high\" decoding=\"async\" width=\"1024\" height=\"1024\" src=\"http:\/\/muns.edu.pl\/wp-content\/uploads\/2025\/10\/MBA-in-Pharma-Business-Law22.png\" class=\"attachment-large size-large wp-image-1662\" alt=\"\" srcset=\"http:\/\/muns.edu.pl\/wp-content\/uploads\/2025\/10\/MBA-in-Pharma-Business-Law22.png 1024w, http:\/\/muns.edu.pl\/wp-content\/uploads\/2025\/10\/MBA-in-Pharma-Business-Law22-300x300.png 300w, http:\/\/muns.edu.pl\/wp-content\/uploads\/2025\/10\/MBA-in-Pharma-Business-Law22-150x150.png 150w, http:\/\/muns.edu.pl\/wp-content\/uploads\/2025\/10\/MBA-in-Pharma-Business-Law22-768x768.png 768w, http:\/\/muns.edu.pl\/wp-content\/uploads\/2025\/10\/MBA-in-Pharma-Business-Law22-600x600.png 600w, http:\/\/muns.edu.pl\/wp-content\/uploads\/2025\/10\/MBA-in-Pharma-Business-Law22-100x100.png 100w\" sizes=\"(max-width: 1024px) 100vw, 1024px\" \/>\t\t\t\t\t\t\t\t\t\t\t\t\t\t\t<\/div>\n\t\t\t\t<\/div>\n\t\t\t\t\t<\/div>\n\t\t\t\t<\/div>\n\t\t\t\t<\/div>","protected":false},"excerpt":{"rendered":"<p>Home \/ Strona MBA in Pharma Business &amp; Law Rekrutacja wkr\u00f3tce! MBA in Pharma Business &amp; Law Program \u201eMBA in Pharma Business &amp; Law\u201d to presti\u017cowe studia podyplomowe stworzone z my\u015bl\u0105 o mened\u017cerach, prawnikach i specjalistach dzia\u0142aj\u0105cych w dynamicznie rozwijaj\u0105cym si\u0119 sektorze farmaceutycznym i biotechnologicznym. Kierunek \u0142\u0105czy wiedz\u0119 mened\u017cersk\u0105 i prawn\u0105 z praktycznymi aspektami funkcjonowania [&hellip;]<\/p>","protected":false},"author":2,"featured_media":0,"parent":29,"menu_order":0,"comment_status":"closed","ping_status":"closed","template":"","meta":{"_acf_changed":false,"_eb_attr":"","footnotes":""},"class_list":["post-1623","page","type-page","status-publish","hentry"],"blocksy_meta":[],"acf":[],"yoast_head":"<!-- This site is optimized with the Yoast SEO plugin v26.4 - https:\/\/yoast.com\/wordpress\/plugins\/seo\/ -->\n<title>MBA in Pharma Business &amp; Law - Mi\u0119dzynarodowa Uczelnia Nauk Spo\u0142ecznych, Medycznych i Prawnych<\/title>\n<meta name=\"robots\" content=\"index, follow, max-snippet:-1, max-image-preview:large, max-video-preview:-1\" \/>\n<link rel=\"canonical\" href=\"http:\/\/muns.edu.pl\/en\/studia\/studia-podyplomowe\/mba-in-pharma-business-law\/\" \/>\n<meta property=\"og:locale\" content=\"en_GB\" \/>\n<meta property=\"og:type\" content=\"article\" \/>\n<meta property=\"og:title\" content=\"MBA in Pharma Business &amp; Law - Mi\u0119dzynarodowa Uczelnia Nauk Spo\u0142ecznych, Medycznych i Prawnych\" \/>\n<meta property=\"og:description\" content=\"Home \/ Strona MBA in Pharma Business &amp; Law Rekrutacja wkr\u00f3tce! MBA in Pharma Business &amp; Law Program \u201eMBA in Pharma Business &amp; Law\u201d to presti\u017cowe studia podyplomowe stworzone z my\u015bl\u0105 o mened\u017cerach, prawnikach i specjalistach dzia\u0142aj\u0105cych w dynamicznie rozwijaj\u0105cym si\u0119 sektorze farmaceutycznym i biotechnologicznym. Kierunek \u0142\u0105czy wiedz\u0119 mened\u017cersk\u0105 i prawn\u0105 z praktycznymi aspektami funkcjonowania [&hellip;]\" \/>\n<meta property=\"og:url\" content=\"http:\/\/muns.edu.pl\/en\/studia\/studia-podyplomowe\/mba-in-pharma-business-law\/\" \/>\n<meta property=\"og:site_name\" content=\"Mi\u0119dzynarodowa Uczelnia Nauk Spo\u0142ecznych, Medycznych i Prawnych\" \/>\n<meta property=\"article:modified_time\" content=\"2025-10-21T13:05:41+00:00\" \/>\n<meta property=\"og:image\" content=\"http:\/\/muns.edu.pl\/wp-content\/uploads\/2025\/10\/MBA-in-Pharma-Business-Law22.png\" \/>\n<meta name=\"twitter:card\" content=\"summary_large_image\" \/>\n<meta name=\"twitter:label1\" content=\"Estimated reading time\" \/>\n\t<meta name=\"twitter:data1\" content=\"1 minute\" \/>\n<script type=\"application\/ld+json\" class=\"yoast-schema-graph\">{\"@context\":\"https:\/\/schema.org\",\"@graph\":[{\"@type\":\"WebPage\",\"@id\":\"http:\/\/muns.edu.pl\/studia\/studia-podyplomowe\/mba-in-pharma-business-law\/\",\"url\":\"http:\/\/muns.edu.pl\/studia\/studia-podyplomowe\/mba-in-pharma-business-law\/\",\"name\":\"MBA in Pharma Business & Law - Mi\u0119dzynarodowa Uczelnia Nauk Spo\u0142ecznych, Medycznych i Prawnych\",\"isPartOf\":{\"@id\":\"http:\/\/muns.edu.pl\/#website\"},\"primaryImageOfPage\":{\"@id\":\"http:\/\/muns.edu.pl\/studia\/studia-podyplomowe\/mba-in-pharma-business-law\/#primaryimage\"},\"image\":{\"@id\":\"http:\/\/muns.edu.pl\/studia\/studia-podyplomowe\/mba-in-pharma-business-law\/#primaryimage\"},\"thumbnailUrl\":\"http:\/\/muns.edu.pl\/wp-content\/uploads\/2025\/10\/MBA-in-Pharma-Business-Law22.png\",\"datePublished\":\"2025-10-21T12:56:53+00:00\",\"dateModified\":\"2025-10-21T13:05:41+00:00\",\"breadcrumb\":{\"@id\":\"http:\/\/muns.edu.pl\/studia\/studia-podyplomowe\/mba-in-pharma-business-law\/#breadcrumb\"},\"inLanguage\":\"en-GB\",\"potentialAction\":[{\"@type\":\"ReadAction\",\"target\":[\"http:\/\/muns.edu.pl\/studia\/studia-podyplomowe\/mba-in-pharma-business-law\/\"]}]},{\"@type\":\"ImageObject\",\"inLanguage\":\"en-GB\",\"@id\":\"http:\/\/muns.edu.pl\/studia\/studia-podyplomowe\/mba-in-pharma-business-law\/#primaryimage\",\"url\":\"http:\/\/muns.edu.pl\/wp-content\/uploads\/2025\/10\/MBA-in-Pharma-Business-Law22.png\",\"contentUrl\":\"http:\/\/muns.edu.pl\/wp-content\/uploads\/2025\/10\/MBA-in-Pharma-Business-Law22.png\"},{\"@type\":\"BreadcrumbList\",\"@id\":\"http:\/\/muns.edu.pl\/studia\/studia-podyplomowe\/mba-in-pharma-business-law\/#breadcrumb\",\"itemListElement\":[{\"@type\":\"ListItem\",\"position\":1,\"name\":\"Strona g\u0142\u00f3wna\",\"item\":\"http:\/\/muns.edu.pl\/\"},{\"@type\":\"ListItem\",\"position\":2,\"name\":\"Oferta edukacyjna\",\"item\":\"https:\/\/muns.edu.pl\/studia\/\"},{\"@type\":\"ListItem\",\"position\":3,\"name\":\"Studia podyplomowe\",\"item\":\"https:\/\/muns.edu.pl\/studia\/studia-podyplomowe\/\"},{\"@type\":\"ListItem\",\"position\":4,\"name\":\"MBA in Pharma Business &#038; Law\"}]},{\"@type\":\"WebSite\",\"@id\":\"http:\/\/muns.edu.pl\/#website\",\"url\":\"http:\/\/muns.edu.pl\/\",\"name\":\"Mi\u0119dzynarodowa Uczelnia Nauk Spo\u0142ecznych, Medycznych i Prawnych\",\"description\":\"Mi\u0119dzynarodowa Uczelnia Nauk Spo\u0142ecznych, Medycznych i Prawnych\",\"publisher\":{\"@id\":\"http:\/\/muns.edu.pl\/#organization\"},\"potentialAction\":[{\"@type\":\"SearchAction\",\"target\":{\"@type\":\"EntryPoint\",\"urlTemplate\":\"http:\/\/muns.edu.pl\/?s={search_term_string}\"},\"query-input\":{\"@type\":\"PropertyValueSpecification\",\"valueRequired\":true,\"valueName\":\"search_term_string\"}}],\"inLanguage\":\"en-GB\"},{\"@type\":\"Organization\",\"@id\":\"http:\/\/muns.edu.pl\/#organization\",\"name\":\"Mi\u0119dzynarodowa Uczelnia Nauk Spo\u0142ecznych, Medycznych i Prawnych\",\"url\":\"http:\/\/muns.edu.pl\/\",\"logo\":{\"@type\":\"ImageObject\",\"inLanguage\":\"en-GB\",\"@id\":\"http:\/\/muns.edu.pl\/#\/schema\/logo\/image\/\",\"url\":\"http:\/\/muns.edu.pl\/wp-content\/uploads\/2025\/09\/MUNS_logo_concept-512-x-512-px-2.png\",\"contentUrl\":\"http:\/\/muns.edu.pl\/wp-content\/uploads\/2025\/09\/MUNS_logo_concept-512-x-512-px-2.png\",\"width\":512,\"height\":512,\"caption\":\"Mi\u0119dzynarodowa Uczelnia Nauk Spo\u0142ecznych, Medycznych i Prawnych\"},\"image\":{\"@id\":\"http:\/\/muns.edu.pl\/#\/schema\/logo\/image\/\"}}]}<\/script>\n<!-- \/ Yoast SEO plugin. -->","yoast_head_json":{"title":"MBA in Pharma Business & Law - Mi\u0119dzynarodowa Uczelnia Nauk Spo\u0142ecznych, Medycznych i Prawnych","robots":{"index":"index","follow":"follow","max-snippet":"max-snippet:-1","max-image-preview":"max-image-preview:large","max-video-preview":"max-video-preview:-1"},"canonical":"http:\/\/muns.edu.pl\/en\/studia\/studia-podyplomowe\/mba-in-pharma-business-law\/","og_locale":"en_GB","og_type":"article","og_title":"MBA in Pharma Business & Law - Mi\u0119dzynarodowa Uczelnia Nauk Spo\u0142ecznych, Medycznych i Prawnych","og_description":"Home \/ Strona MBA in Pharma Business &amp; Law Rekrutacja wkr\u00f3tce! MBA in Pharma Business &amp; Law Program \u201eMBA in Pharma Business &amp; Law\u201d to presti\u017cowe studia podyplomowe stworzone z my\u015bl\u0105 o mened\u017cerach, prawnikach i specjalistach dzia\u0142aj\u0105cych w dynamicznie rozwijaj\u0105cym si\u0119 sektorze farmaceutycznym i biotechnologicznym. Kierunek \u0142\u0105czy wiedz\u0119 mened\u017cersk\u0105 i prawn\u0105 z praktycznymi aspektami funkcjonowania [&hellip;]","og_url":"http:\/\/muns.edu.pl\/en\/studia\/studia-podyplomowe\/mba-in-pharma-business-law\/","og_site_name":"Mi\u0119dzynarodowa Uczelnia Nauk Spo\u0142ecznych, Medycznych i Prawnych","article_modified_time":"2025-10-21T13:05:41+00:00","og_image":[{"url":"http:\/\/muns.edu.pl\/wp-content\/uploads\/2025\/10\/MBA-in-Pharma-Business-Law22.png","type":"","width":"","height":""}],"twitter_card":"summary_large_image","twitter_misc":{"Estimated reading time":"1 minute"},"schema":{"@context":"https:\/\/schema.org","@graph":[{"@type":"WebPage","@id":"http:\/\/muns.edu.pl\/studia\/studia-podyplomowe\/mba-in-pharma-business-law\/","url":"http:\/\/muns.edu.pl\/studia\/studia-podyplomowe\/mba-in-pharma-business-law\/","name":"MBA in Pharma Business & Law - Mi\u0119dzynarodowa Uczelnia Nauk Spo\u0142ecznych, Medycznych i Prawnych","isPartOf":{"@id":"http:\/\/muns.edu.pl\/#website"},"primaryImageOfPage":{"@id":"http:\/\/muns.edu.pl\/studia\/studia-podyplomowe\/mba-in-pharma-business-law\/#primaryimage"},"image":{"@id":"http:\/\/muns.edu.pl\/studia\/studia-podyplomowe\/mba-in-pharma-business-law\/#primaryimage"},"thumbnailUrl":"http:\/\/muns.edu.pl\/wp-content\/uploads\/2025\/10\/MBA-in-Pharma-Business-Law22.png","datePublished":"2025-10-21T12:56:53+00:00","dateModified":"2025-10-21T13:05:41+00:00","breadcrumb":{"@id":"http:\/\/muns.edu.pl\/studia\/studia-podyplomowe\/mba-in-pharma-business-law\/#breadcrumb"},"inLanguage":"en-GB","potentialAction":[{"@type":"ReadAction","target":["http:\/\/muns.edu.pl\/studia\/studia-podyplomowe\/mba-in-pharma-business-law\/"]}]},{"@type":"ImageObject","inLanguage":"en-GB","@id":"http:\/\/muns.edu.pl\/studia\/studia-podyplomowe\/mba-in-pharma-business-law\/#primaryimage","url":"http:\/\/muns.edu.pl\/wp-content\/uploads\/2025\/10\/MBA-in-Pharma-Business-Law22.png","contentUrl":"http:\/\/muns.edu.pl\/wp-content\/uploads\/2025\/10\/MBA-in-Pharma-Business-Law22.png"},{"@type":"BreadcrumbList","@id":"http:\/\/muns.edu.pl\/studia\/studia-podyplomowe\/mba-in-pharma-business-law\/#breadcrumb","itemListElement":[{"@type":"ListItem","position":1,"name":"Strona g\u0142\u00f3wna","item":"http:\/\/muns.edu.pl\/"},{"@type":"ListItem","position":2,"name":"Oferta edukacyjna","item":"https:\/\/muns.edu.pl\/studia\/"},{"@type":"ListItem","position":3,"name":"Studia podyplomowe","item":"https:\/\/muns.edu.pl\/studia\/studia-podyplomowe\/"},{"@type":"ListItem","position":4,"name":"MBA in Pharma Business &#038; Law"}]},{"@type":"WebSite","@id":"http:\/\/muns.edu.pl\/#website","url":"http:\/\/muns.edu.pl\/","name":"International University of Social Sciences, Medicine and Law","description":"International University of Social Sciences, Medicine and Law","publisher":{"@id":"http:\/\/muns.edu.pl\/#organization"},"potentialAction":[{"@type":"SearchAction","target":{"@type":"EntryPoint","urlTemplate":"http:\/\/muns.edu.pl\/?s={search_term_string}"},"query-input":{"@type":"PropertyValueSpecification","valueRequired":true,"valueName":"search_term_string"}}],"inLanguage":"en-GB"},{"@type":"Organization","@id":"http:\/\/muns.edu.pl\/#organization","name":"International University of Social Sciences, Medicine and Law","url":"http:\/\/muns.edu.pl\/","logo":{"@type":"ImageObject","inLanguage":"en-GB","@id":"http:\/\/muns.edu.pl\/#\/schema\/logo\/image\/","url":"http:\/\/muns.edu.pl\/wp-content\/uploads\/2025\/09\/MUNS_logo_concept-512-x-512-px-2.png","contentUrl":"http:\/\/muns.edu.pl\/wp-content\/uploads\/2025\/09\/MUNS_logo_concept-512-x-512-px-2.png","width":512,"height":512,"caption":"Mi\u0119dzynarodowa Uczelnia Nauk Spo\u0142ecznych, Medycznych i Prawnych"},"image":{"@id":"http:\/\/muns.edu.pl\/#\/schema\/logo\/image\/"}}]}},"jetpack_sharing_enabled":true,"_links":{"self":[{"href":"http:\/\/muns.edu.pl\/en\/wp-json\/wp\/v2\/pages\/1623","targetHints":{"allow":["GET"]}}],"collection":[{"href":"http:\/\/muns.edu.pl\/en\/wp-json\/wp\/v2\/pages"}],"about":[{"href":"http:\/\/muns.edu.pl\/en\/wp-json\/wp\/v2\/types\/page"}],"author":[{"embeddable":true,"href":"http:\/\/muns.edu.pl\/en\/wp-json\/wp\/v2\/users\/2"}],"replies":[{"embeddable":true,"href":"http:\/\/muns.edu.pl\/en\/wp-json\/wp\/v2\/comments?post=1623"}],"version-history":[{"count":7,"href":"http:\/\/muns.edu.pl\/en\/wp-json\/wp\/v2\/pages\/1623\/revisions"}],"predecessor-version":[{"id":1668,"href":"http:\/\/muns.edu.pl\/en\/wp-json\/wp\/v2\/pages\/1623\/revisions\/1668"}],"up":[{"embeddable":true,"href":"http:\/\/muns.edu.pl\/en\/wp-json\/wp\/v2\/pages\/29"}],"wp:attachment":[{"href":"http:\/\/muns.edu.pl\/en\/wp-json\/wp\/v2\/media?parent=1623"}],"curies":[{"name":"wp","href":"https:\/\/api.w.org\/{rel}","templated":true}]}}