{"id":1520,"date":"2025-10-09T13:02:21","date_gmt":"2025-10-09T11:02:21","guid":{"rendered":"https:\/\/muns.edu.pl\/?page_id=1520"},"modified":"2025-10-09T16:15:27","modified_gmt":"2025-10-09T14:15:27","slug":"mikrokrazenie-i-medycyna-mitochondrialna","status":"publish","type":"page","link":"http:\/\/muns.edu.pl\/en\/studia\/studia-podyplomowe\/mikrokrazenie-i-medycyna-mitochondrialna\/","title":{"rendered":"Microcirculation and Mitochondrial Medicine"},"content":{"rendered":"<div data-elementor-type=\"wp-page\" data-elementor-id=\"1520\" class=\"elementor elementor-1520\">\n\t\t\t\t<div class=\"elementor-element elementor-element-f1c35c2 e-flex e-con-boxed e-con e-parent\" data-id=\"f1c35c2\" data-element_type=\"container\" data-e-type=\"container\">\n\t\t\t\t\t<div class=\"e-con-inner\">\n\t\t\t\t<div class=\"elementor-element elementor-element-cfd9fec elementor-widget elementor-widget-eael-breadcrumbs\" data-id=\"cfd9fec\" data-element_type=\"widget\" data-e-type=\"widget\" data-widget_type=\"eael-breadcrumbs.default\">\n\t\t\t\t<div class=\"elementor-widget-container\">\n\t\t\t\t\t\t\t<div class=\"eael-breadcrumbs\">\n\t\t\t<div class=\"eael-breadcrumbs__content\"><a href=\"http:\/\/muns.edu.pl\/en\">Home<\/a> <span class=\"eael-breadcrumb-separator\">\/<\/span> <span class = \"eael-current\">Page<\/span><\/div>\t\t<\/div>\n\t\t\t\t\t\t<\/div>\n\t\t\t\t<\/div>\n\t\t\t\t\t<\/div>\n\t\t\t\t<\/div>\n\t\t<div class=\"elementor-element elementor-element-154e6ef e-flex e-con-boxed e-con e-parent\" data-id=\"154e6ef\" data-element_type=\"container\" data-e-type=\"container\" data-settings=\"{&quot;background_background&quot;:&quot;classic&quot;}\">\n\t\t\t\t\t<div class=\"e-con-inner\">\n\t\t\t\t<div class=\"elementor-element elementor-element-63fe9d4 elementor-widget elementor-widget-heading\" data-id=\"63fe9d4\" data-element_type=\"widget\" data-e-type=\"widget\" data-widget_type=\"heading.default\">\n\t\t\t\t\t<h1 class=\"elementor-heading-title elementor-size-default\">Microcirculation and Mitochondrial Medicine<\/h1>\t\t\t\t<\/div>\n\t\t\t\t\t<\/div>\n\t\t\t\t<\/div>\n\t\t<div class=\"elementor-element elementor-element-8ba7c22 e-flex e-con-boxed e-con e-parent\" data-id=\"8ba7c22\" data-element_type=\"container\" data-e-type=\"container\" data-settings=\"{&quot;background_background&quot;:&quot;classic&quot;}\">\n\t\t\t\t\t<div class=\"e-con-inner\">\n\t\t\t\t<div class=\"elementor-element elementor-element-760b7db elementor-widget elementor-widget-heading\" data-id=\"760b7db\" data-element_type=\"widget\" data-e-type=\"widget\" data-widget_type=\"heading.default\">\n\t\t\t\t\t<h2 class=\"elementor-heading-title elementor-size-default\">Rekrutacja wkr\u00f3tce!<\/h2>\t\t\t\t<\/div>\n\t\t\t\t\t<\/div>\n\t\t\t\t<\/div>\n\t\t<div class=\"elementor-element elementor-element-b056c9c e-flex e-con-boxed e-con e-parent\" data-id=\"b056c9c\" data-element_type=\"container\" data-e-type=\"container\">\n\t\t\t\t\t<div class=\"e-con-inner\">\n\t\t<div class=\"elementor-element elementor-element-2797b06 e-con-full e-flex e-con e-child\" data-id=\"2797b06\" data-element_type=\"container\" data-e-type=\"container\">\n\t\t\t\t<div class=\"elementor-element elementor-element-8bc3866 elementor-widget elementor-widget-heading\" data-id=\"8bc3866\" data-element_type=\"widget\" data-e-type=\"widget\" data-widget_type=\"heading.default\">\n\t\t\t\t\t<h2 class=\"elementor-heading-title elementor-size-default\">Microcirculation and Mitochondrial Medicine<\/h2>\t\t\t\t<\/div>\n\t\t\t\t<div class=\"elementor-element elementor-element-1e90a8d elementor-widget elementor-widget-text-editor\" data-id=\"1e90a8d\" data-element_type=\"widget\" data-e-type=\"widget\" data-widget_type=\"text-editor.default\">\n\t\t\t\t\t\t\t\t\t<p>Studia podyplomowe z zakresu mikrokr\u0105\u017cenia i medycyny mitochondrialnej to pionierski program w Polsce, kt\u00f3ry kompleksowo pokazuje, jak nowoczesna nauka wspiera profilaktyk\u0119 zdrowia, regeneracj\u0119 organizmu i procesy d\u0142ugowieczno\u015bci. Uczestnicy zdob\u0119d\u0105 wiedz\u0119 na temat diagnostyki mikrokr\u0105\u017cenia, roli mitochondri\u00f3w w funkcjonowaniu kom\u00f3rek oraz praktycznych metod wspierania sprawno\u015bci uk\u0142adu kr\u0105\u017cenia i metabolizmu energetycznego. Program prowadzony jest przez do\u015bwiadczonych ekspert\u00f3w, lekarzy i profesor\u00f3w zajmuj\u0105cych si\u0119 fizjologi\u0105, medycyn\u0105 integracyjn\u0105 i terapiami wspomagaj\u0105cymi. <strong>To pierwsze w Polsce studia podyplomowe pod kierownictwem lek. med. Jerzego Marciniaka ( Ekspert z zakres mikrokr\u0105\u017cenia i d\u0142ugowieczno\u015bci, lekarz medycyny, pediatra, absolwent Akademii Medycznej we Wroc\u0142awiu)<\/strong><strong>,\u00a0 kt\u00f3re wychodz\u0105 poza ramy kurs\u00f3w i szkole\u0144, oferuj\u0105c rzetelne, akademickie przygotowanie w tej prze\u0142omowej dziedzinie.<\/strong><\/p>\t\t\t\t\t\t\t\t<\/div>\n\t\t\t\t<\/div>\n\t\t<div class=\"elementor-element elementor-element-8d65d27 e-con-full e-flex e-con e-child\" data-id=\"8d65d27\" data-element_type=\"container\" data-e-type=\"container\">\n\t\t\t\t<div class=\"elementor-element elementor-element-0146246 elementor-widget elementor-widget-image\" data-id=\"0146246\" data-element_type=\"widget\" data-e-type=\"widget\" data-widget_type=\"image.default\">\n\t\t\t\t\t\t\t\t\t\t\t\t\t\t\t<img fetchpriority=\"high\" decoding=\"async\" width=\"1024\" height=\"1024\" src=\"http:\/\/muns.edu.pl\/wp-content\/uploads\/2025\/10\/Mikrokrazenie-i-Medycyna-Mitochondrialna2.png\" class=\"attachment-large size-large wp-image-1554\" alt=\"\" srcset=\"http:\/\/muns.edu.pl\/wp-content\/uploads\/2025\/10\/Mikrokrazenie-i-Medycyna-Mitochondrialna2.png 1024w, http:\/\/muns.edu.pl\/wp-content\/uploads\/2025\/10\/Mikrokrazenie-i-Medycyna-Mitochondrialna2-300x300.png 300w, http:\/\/muns.edu.pl\/wp-content\/uploads\/2025\/10\/Mikrokrazenie-i-Medycyna-Mitochondrialna2-150x150.png 150w, http:\/\/muns.edu.pl\/wp-content\/uploads\/2025\/10\/Mikrokrazenie-i-Medycyna-Mitochondrialna2-768x768.png 768w, http:\/\/muns.edu.pl\/wp-content\/uploads\/2025\/10\/Mikrokrazenie-i-Medycyna-Mitochondrialna2-600x600.png 600w, http:\/\/muns.edu.pl\/wp-content\/uploads\/2025\/10\/Mikrokrazenie-i-Medycyna-Mitochondrialna2-100x100.png 100w\" sizes=\"(max-width: 1024px) 100vw, 1024px\" \/>\t\t\t\t\t\t\t\t\t\t\t\t\t\t\t<\/div>\n\t\t\t\t<\/div>\n\t\t\t\t\t<\/div>\n\t\t\t\t<\/div>\n\t\t\t\t<\/div>","protected":false},"excerpt":{"rendered":"<p>Home \/ Strona Mikrokr\u0105\u017cenie i Medycyna Mitochondrialna Rekrutacja wkr\u00f3tce! Mikrokr\u0105\u017cenie i Medycyna Mitochondrialna Studia podyplomowe z zakresu mikrokr\u0105\u017cenia i medycyny mitochondrialnej to pionierski program w Polsce, kt\u00f3ry kompleksowo pokazuje, jak nowoczesna nauka wspiera profilaktyk\u0119 zdrowia, regeneracj\u0119 organizmu i procesy d\u0142ugowieczno\u015bci. Uczestnicy zdob\u0119d\u0105 wiedz\u0119 na temat diagnostyki mikrokr\u0105\u017cenia, roli mitochondri\u00f3w w funkcjonowaniu kom\u00f3rek oraz praktycznych metod [&hellip;]<\/p>","protected":false},"author":2,"featured_media":0,"parent":29,"menu_order":0,"comment_status":"closed","ping_status":"closed","template":"","meta":{"_acf_changed":false,"_eb_attr":"","footnotes":""},"class_list":["post-1520","page","type-page","status-publish","hentry"],"blocksy_meta":[],"acf":[],"yoast_head":"<!-- This site is optimized with the Yoast SEO plugin v26.4 - https:\/\/yoast.com\/wordpress\/plugins\/seo\/ -->\n<title>Mikrokr\u0105\u017cenie i Medycyna Mitochondrialna - Mi\u0119dzynarodowa Uczelnia Nauk Spo\u0142ecznych, Medycznych i Prawnych<\/title>\n<meta name=\"robots\" content=\"index, follow, max-snippet:-1, max-image-preview:large, max-video-preview:-1\" \/>\n<link rel=\"canonical\" href=\"https:\/\/muns.edu.pl\/en\/studia\/studia-podyplomowe\/mikrokrazenie-i-medycyna-mitochondrialna\/\" \/>\n<meta property=\"og:locale\" content=\"en_GB\" \/>\n<meta property=\"og:type\" content=\"article\" \/>\n<meta property=\"og:title\" content=\"Mikrokr\u0105\u017cenie i Medycyna Mitochondrialna - Mi\u0119dzynarodowa Uczelnia Nauk Spo\u0142ecznych, Medycznych i Prawnych\" \/>\n<meta property=\"og:description\" content=\"Home \/ Strona Mikrokr\u0105\u017cenie i Medycyna Mitochondrialna Rekrutacja wkr\u00f3tce! Mikrokr\u0105\u017cenie i Medycyna Mitochondrialna Studia podyplomowe z zakresu mikrokr\u0105\u017cenia i medycyny mitochondrialnej to pionierski program w Polsce, kt\u00f3ry kompleksowo pokazuje, jak nowoczesna nauka wspiera profilaktyk\u0119 zdrowia, regeneracj\u0119 organizmu i procesy d\u0142ugowieczno\u015bci. Uczestnicy zdob\u0119d\u0105 wiedz\u0119 na temat diagnostyki mikrokr\u0105\u017cenia, roli mitochondri\u00f3w w funkcjonowaniu kom\u00f3rek oraz praktycznych metod [&hellip;]\" \/>\n<meta property=\"og:url\" content=\"https:\/\/muns.edu.pl\/en\/studia\/studia-podyplomowe\/mikrokrazenie-i-medycyna-mitochondrialna\/\" \/>\n<meta property=\"og:site_name\" content=\"Mi\u0119dzynarodowa Uczelnia Nauk Spo\u0142ecznych, Medycznych i Prawnych\" \/>\n<meta property=\"article:modified_time\" content=\"2025-10-09T14:15:27+00:00\" \/>\n<meta property=\"og:image\" content=\"http:\/\/muns.edu.pl\/wp-content\/uploads\/2025\/10\/Mikrokrazenie-i-Medycyna-Mitochondrialna2.png\" \/>\n<meta name=\"twitter:card\" content=\"summary_large_image\" \/>\n<meta name=\"twitter:label1\" content=\"Estimated reading time\" \/>\n\t<meta name=\"twitter:data1\" content=\"1 minute\" \/>\n<script type=\"application\/ld+json\" class=\"yoast-schema-graph\">{\"@context\":\"https:\/\/schema.org\",\"@graph\":[{\"@type\":\"WebPage\",\"@id\":\"https:\/\/muns.edu.pl\/studia\/studia-podyplomowe\/mikrokrazenie-i-medycyna-mitochondrialna\/\",\"url\":\"https:\/\/muns.edu.pl\/studia\/studia-podyplomowe\/mikrokrazenie-i-medycyna-mitochondrialna\/\",\"name\":\"Mikrokr\u0105\u017cenie i Medycyna Mitochondrialna - Mi\u0119dzynarodowa Uczelnia Nauk Spo\u0142ecznych, Medycznych i Prawnych\",\"isPartOf\":{\"@id\":\"http:\/\/muns.edu.pl\/#website\"},\"primaryImageOfPage\":{\"@id\":\"https:\/\/muns.edu.pl\/studia\/studia-podyplomowe\/mikrokrazenie-i-medycyna-mitochondrialna\/#primaryimage\"},\"image\":{\"@id\":\"https:\/\/muns.edu.pl\/studia\/studia-podyplomowe\/mikrokrazenie-i-medycyna-mitochondrialna\/#primaryimage\"},\"thumbnailUrl\":\"http:\/\/muns.edu.pl\/wp-content\/uploads\/2025\/10\/Mikrokrazenie-i-Medycyna-Mitochondrialna2.png\",\"datePublished\":\"2025-10-09T11:02:21+00:00\",\"dateModified\":\"2025-10-09T14:15:27+00:00\",\"breadcrumb\":{\"@id\":\"https:\/\/muns.edu.pl\/studia\/studia-podyplomowe\/mikrokrazenie-i-medycyna-mitochondrialna\/#breadcrumb\"},\"inLanguage\":\"en-GB\",\"potentialAction\":[{\"@type\":\"ReadAction\",\"target\":[\"https:\/\/muns.edu.pl\/studia\/studia-podyplomowe\/mikrokrazenie-i-medycyna-mitochondrialna\/\"]}]},{\"@type\":\"ImageObject\",\"inLanguage\":\"en-GB\",\"@id\":\"https:\/\/muns.edu.pl\/studia\/studia-podyplomowe\/mikrokrazenie-i-medycyna-mitochondrialna\/#primaryimage\",\"url\":\"http:\/\/muns.edu.pl\/wp-content\/uploads\/2025\/10\/Mikrokrazenie-i-Medycyna-Mitochondrialna2.png\",\"contentUrl\":\"http:\/\/muns.edu.pl\/wp-content\/uploads\/2025\/10\/Mikrokrazenie-i-Medycyna-Mitochondrialna2.png\"},{\"@type\":\"BreadcrumbList\",\"@id\":\"https:\/\/muns.edu.pl\/studia\/studia-podyplomowe\/mikrokrazenie-i-medycyna-mitochondrialna\/#breadcrumb\",\"itemListElement\":[{\"@type\":\"ListItem\",\"position\":1,\"name\":\"Strona g\u0142\u00f3wna\",\"item\":\"http:\/\/muns.edu.pl\/\"},{\"@type\":\"ListItem\",\"position\":2,\"name\":\"Oferta edukacyjna\",\"item\":\"https:\/\/muns.edu.pl\/studia\/\"},{\"@type\":\"ListItem\",\"position\":3,\"name\":\"Studia podyplomowe\",\"item\":\"https:\/\/muns.edu.pl\/studia\/studia-podyplomowe\/\"},{\"@type\":\"ListItem\",\"position\":4,\"name\":\"Mikrokr\u0105\u017cenie i Medycyna Mitochondrialna\"}]},{\"@type\":\"WebSite\",\"@id\":\"http:\/\/muns.edu.pl\/#website\",\"url\":\"http:\/\/muns.edu.pl\/\",\"name\":\"Mi\u0119dzynarodowa Uczelnia Nauk Spo\u0142ecznych, Medycznych i Prawnych\",\"description\":\"Mi\u0119dzynarodowa Uczelnia Nauk Spo\u0142ecznych, Medycznych i Prawnych\",\"publisher\":{\"@id\":\"http:\/\/muns.edu.pl\/#organization\"},\"potentialAction\":[{\"@type\":\"SearchAction\",\"target\":{\"@type\":\"EntryPoint\",\"urlTemplate\":\"http:\/\/muns.edu.pl\/?s={search_term_string}\"},\"query-input\":{\"@type\":\"PropertyValueSpecification\",\"valueRequired\":true,\"valueName\":\"search_term_string\"}}],\"inLanguage\":\"en-GB\"},{\"@type\":\"Organization\",\"@id\":\"http:\/\/muns.edu.pl\/#organization\",\"name\":\"Mi\u0119dzynarodowa Uczelnia Nauk Spo\u0142ecznych, Medycznych i Prawnych\",\"url\":\"http:\/\/muns.edu.pl\/\",\"logo\":{\"@type\":\"ImageObject\",\"inLanguage\":\"en-GB\",\"@id\":\"http:\/\/muns.edu.pl\/#\/schema\/logo\/image\/\",\"url\":\"http:\/\/muns.edu.pl\/wp-content\/uploads\/2025\/09\/MUNS_logo_concept-512-x-512-px-2.png\",\"contentUrl\":\"http:\/\/muns.edu.pl\/wp-content\/uploads\/2025\/09\/MUNS_logo_concept-512-x-512-px-2.png\",\"width\":512,\"height\":512,\"caption\":\"Mi\u0119dzynarodowa Uczelnia Nauk Spo\u0142ecznych, Medycznych i Prawnych\"},\"image\":{\"@id\":\"http:\/\/muns.edu.pl\/#\/schema\/logo\/image\/\"}}]}<\/script>\n<!-- \/ Yoast SEO plugin. -->","yoast_head_json":{"title":"Mikrokr\u0105\u017cenie i Medycyna Mitochondrialna - Mi\u0119dzynarodowa Uczelnia Nauk Spo\u0142ecznych, Medycznych i Prawnych","robots":{"index":"index","follow":"follow","max-snippet":"max-snippet:-1","max-image-preview":"max-image-preview:large","max-video-preview":"max-video-preview:-1"},"canonical":"https:\/\/muns.edu.pl\/en\/studia\/studia-podyplomowe\/mikrokrazenie-i-medycyna-mitochondrialna\/","og_locale":"en_GB","og_type":"article","og_title":"Mikrokr\u0105\u017cenie i Medycyna Mitochondrialna - Mi\u0119dzynarodowa Uczelnia Nauk Spo\u0142ecznych, Medycznych i Prawnych","og_description":"Home \/ Strona Mikrokr\u0105\u017cenie i Medycyna Mitochondrialna Rekrutacja wkr\u00f3tce! Mikrokr\u0105\u017cenie i Medycyna Mitochondrialna Studia podyplomowe z zakresu mikrokr\u0105\u017cenia i medycyny mitochondrialnej to pionierski program w Polsce, kt\u00f3ry kompleksowo pokazuje, jak nowoczesna nauka wspiera profilaktyk\u0119 zdrowia, regeneracj\u0119 organizmu i procesy d\u0142ugowieczno\u015bci. Uczestnicy zdob\u0119d\u0105 wiedz\u0119 na temat diagnostyki mikrokr\u0105\u017cenia, roli mitochondri\u00f3w w funkcjonowaniu kom\u00f3rek oraz praktycznych metod [&hellip;]","og_url":"https:\/\/muns.edu.pl\/en\/studia\/studia-podyplomowe\/mikrokrazenie-i-medycyna-mitochondrialna\/","og_site_name":"Mi\u0119dzynarodowa Uczelnia Nauk Spo\u0142ecznych, Medycznych i Prawnych","article_modified_time":"2025-10-09T14:15:27+00:00","og_image":[{"url":"http:\/\/muns.edu.pl\/wp-content\/uploads\/2025\/10\/Mikrokrazenie-i-Medycyna-Mitochondrialna2.png","type":"","width":"","height":""}],"twitter_card":"summary_large_image","twitter_misc":{"Estimated reading time":"1 minute"},"schema":{"@context":"https:\/\/schema.org","@graph":[{"@type":"WebPage","@id":"https:\/\/muns.edu.pl\/studia\/studia-podyplomowe\/mikrokrazenie-i-medycyna-mitochondrialna\/","url":"https:\/\/muns.edu.pl\/studia\/studia-podyplomowe\/mikrokrazenie-i-medycyna-mitochondrialna\/","name":"Mikrokr\u0105\u017cenie i Medycyna Mitochondrialna - Mi\u0119dzynarodowa Uczelnia Nauk Spo\u0142ecznych, Medycznych i Prawnych","isPartOf":{"@id":"http:\/\/muns.edu.pl\/#website"},"primaryImageOfPage":{"@id":"https:\/\/muns.edu.pl\/studia\/studia-podyplomowe\/mikrokrazenie-i-medycyna-mitochondrialna\/#primaryimage"},"image":{"@id":"https:\/\/muns.edu.pl\/studia\/studia-podyplomowe\/mikrokrazenie-i-medycyna-mitochondrialna\/#primaryimage"},"thumbnailUrl":"http:\/\/muns.edu.pl\/wp-content\/uploads\/2025\/10\/Mikrokrazenie-i-Medycyna-Mitochondrialna2.png","datePublished":"2025-10-09T11:02:21+00:00","dateModified":"2025-10-09T14:15:27+00:00","breadcrumb":{"@id":"https:\/\/muns.edu.pl\/studia\/studia-podyplomowe\/mikrokrazenie-i-medycyna-mitochondrialna\/#breadcrumb"},"inLanguage":"en-GB","potentialAction":[{"@type":"ReadAction","target":["https:\/\/muns.edu.pl\/studia\/studia-podyplomowe\/mikrokrazenie-i-medycyna-mitochondrialna\/"]}]},{"@type":"ImageObject","inLanguage":"en-GB","@id":"https:\/\/muns.edu.pl\/studia\/studia-podyplomowe\/mikrokrazenie-i-medycyna-mitochondrialna\/#primaryimage","url":"http:\/\/muns.edu.pl\/wp-content\/uploads\/2025\/10\/Mikrokrazenie-i-Medycyna-Mitochondrialna2.png","contentUrl":"http:\/\/muns.edu.pl\/wp-content\/uploads\/2025\/10\/Mikrokrazenie-i-Medycyna-Mitochondrialna2.png"},{"@type":"BreadcrumbList","@id":"https:\/\/muns.edu.pl\/studia\/studia-podyplomowe\/mikrokrazenie-i-medycyna-mitochondrialna\/#breadcrumb","itemListElement":[{"@type":"ListItem","position":1,"name":"Strona g\u0142\u00f3wna","item":"http:\/\/muns.edu.pl\/"},{"@type":"ListItem","position":2,"name":"Oferta edukacyjna","item":"https:\/\/muns.edu.pl\/studia\/"},{"@type":"ListItem","position":3,"name":"Studia podyplomowe","item":"https:\/\/muns.edu.pl\/studia\/studia-podyplomowe\/"},{"@type":"ListItem","position":4,"name":"Mikrokr\u0105\u017cenie i Medycyna Mitochondrialna"}]},{"@type":"WebSite","@id":"http:\/\/muns.edu.pl\/#website","url":"http:\/\/muns.edu.pl\/","name":"International University of Social Sciences, Medicine and Law","description":"International University of Social Sciences, Medicine and Law","publisher":{"@id":"http:\/\/muns.edu.pl\/#organization"},"potentialAction":[{"@type":"SearchAction","target":{"@type":"EntryPoint","urlTemplate":"http:\/\/muns.edu.pl\/?s={search_term_string}"},"query-input":{"@type":"PropertyValueSpecification","valueRequired":true,"valueName":"search_term_string"}}],"inLanguage":"en-GB"},{"@type":"Organization","@id":"http:\/\/muns.edu.pl\/#organization","name":"International University of Social Sciences, Medicine and Law","url":"http:\/\/muns.edu.pl\/","logo":{"@type":"ImageObject","inLanguage":"en-GB","@id":"http:\/\/muns.edu.pl\/#\/schema\/logo\/image\/","url":"http:\/\/muns.edu.pl\/wp-content\/uploads\/2025\/09\/MUNS_logo_concept-512-x-512-px-2.png","contentUrl":"http:\/\/muns.edu.pl\/wp-content\/uploads\/2025\/09\/MUNS_logo_concept-512-x-512-px-2.png","width":512,"height":512,"caption":"Mi\u0119dzynarodowa Uczelnia Nauk Spo\u0142ecznych, Medycznych i Prawnych"},"image":{"@id":"http:\/\/muns.edu.pl\/#\/schema\/logo\/image\/"}}]}},"jetpack_sharing_enabled":true,"_links":{"self":[{"href":"http:\/\/muns.edu.pl\/en\/wp-json\/wp\/v2\/pages\/1520","targetHints":{"allow":["GET"]}}],"collection":[{"href":"http:\/\/muns.edu.pl\/en\/wp-json\/wp\/v2\/pages"}],"about":[{"href":"http:\/\/muns.edu.pl\/en\/wp-json\/wp\/v2\/types\/page"}],"author":[{"embeddable":true,"href":"http:\/\/muns.edu.pl\/en\/wp-json\/wp\/v2\/users\/2"}],"replies":[{"embeddable":true,"href":"http:\/\/muns.edu.pl\/en\/wp-json\/wp\/v2\/comments?post=1520"}],"version-history":[{"count":8,"href":"http:\/\/muns.edu.pl\/en\/wp-json\/wp\/v2\/pages\/1520\/revisions"}],"predecessor-version":[{"id":1558,"href":"http:\/\/muns.edu.pl\/en\/wp-json\/wp\/v2\/pages\/1520\/revisions\/1558"}],"up":[{"embeddable":true,"href":"http:\/\/muns.edu.pl\/en\/wp-json\/wp\/v2\/pages\/29"}],"wp:attachment":[{"href":"http:\/\/muns.edu.pl\/en\/wp-json\/wp\/v2\/media?parent=1520"}],"curies":[{"name":"wp","href":"https:\/\/api.w.org\/{rel}","templated":true}]}}